{"id":2,"date":"2023-04-03T12:47:40","date_gmt":"2023-04-03T09:47:40","guid":{"rendered":"http:\/\/vokasmattress.com\/?page_id=2"},"modified":"2023-05-23T18:27:26","modified_gmt":"2023-05-23T15:27:26","slug":"vokas-mattress","status":"publish","type":"page","link":"https:\/\/vokasmattress.com\/tr\/","title":{"rendered":"Vokas Yatak"},"content":{"rendered":"<section class=\"wpb-content-wrapper\"><div id=\"slider\" class=\"vc_row wpb_row vc_row-fluid\"><div class=\"wpb_column vc_column_container vc_col-sm-12\"><div class=\"vc_column-inner\"><div class=\"wpb_wrapper\">\n\t\t\t<!-- START Homepage REVOLUTION SLIDER 6.6.13 --><p class=\"rs-p-wp-fix\"><\/p>\n\t\t\t<rs-module-wrap id=\"rev_slider_1_1_wrapper\" data-source=\"gallery\" style=\"visibility:hidden;background:transparent;padding:0;margin:0px auto;margin-top:0;margin-bottom:0;\">\n\t\t\t\t<rs-module id=\"rev_slider_1_1\" style=\"\" data-version=\"6.6.13\">\n\t\t\t\t\t<rs-slides style=\"overflow: hidden; position: absolute;\">\n\t\t\t\t\t\t<rs-slide style=\"position: absolute;\" data-key=\"rs-1\" data-title=\"Slide\" data-in=\"o:0;\" data-out=\"a:false;\">\n\t\t\t\t\t\t\t<img decoding=\"async\" src=\"\/\/vokasmattress.com\/wp-content\/plugins\/revslider\/public\/assets\/assets\/dummy.png\" alt=\"Slide\" title=\"Vokas Yatak\" class=\"rev-slidebg tp-rs-img rs-lazyload\" data-lazyload=\"\/\/vokasmattress.com\/wp-content\/plugins\/revslider\/public\/assets\/assets\/transparent.png\" data-bg=\"c:#eeede7;\" data-no-retina>\n<!--\n\t\t\t\t\t\t\t--><rs-layer\n\t\t\t\t\t\t\t\tid=\"slider-1-slide-1-layer-1\" \n\t\t\t\t\t\t\t\tdata-type=\"text\"\n\t\t\t\t\t\t\t\tdata-color=\"#0c0c0c\"\n\t\t\t\t\t\t\t\tdata-rsp_ch=\"on\"\n\t\t\t\t\t\t\t\tdata-xy=\"xo:77px,77px,77px,7px;yo:41px,41px,41px,9px;\"\n\t\t\t\t\t\t\t\tdata-text=\"w:normal;s:30,30,30,15;l:37,37,37,17;fw:700;\"\n\t\t\t\t\t\t\t\tdata-dim=\"w:471px,471px,471px,249px;\"\n\t\t\t\t\t\t\t\tdata-frame_999=\"o:0;st:w;\"\n\t\t\t\t\t\t\t\tstyle=\"z-index:6;font-family:'Arial', 'Helvetica', 'sans-serif';\"\n\t\t\t\t\t\t\t>M\u00dcKEMMEL UYKU DENEY\u0130M\u0130 \n\t\t\t\t\t\t\t<\/rs-layer><!--\n\n\t\t\t\t\t\t\t--><rs-layer\n\t\t\t\t\t\t\t\tid=\"slider-1-slide-1-layer-2\" \n\t\t\t\t\t\t\t\tdata-type=\"text\"\n\t\t\t\t\t\t\t\tdata-color=\"#0c0c0c\"\n\t\t\t\t\t\t\t\tdata-rsp_ch=\"on\"\n\t\t\t\t\t\t\t\tdata-xy=\"xo:80px,80px,80px,12px;yo:663px,663px,663px,314px;\"\n\t\t\t\t\t\t\t\tdata-text=\"w:normal;s:17,17,17,9;l:25,25,25,11;\"\n\t\t\t\t\t\t\t\tdata-dim=\"w:719px,719px,719px,248px;\"\n\t\t\t\t\t\t\t\tdata-frame_0=\"x:0,0,0,0px;y:0,0,0,0px;\"\n\t\t\t\t\t\t\t\tdata-frame_1=\"x:0,0,0,0px;y:0,0,0,0px;\"\n\t\t\t\t\t\t\t\tdata-frame_999=\"o:0;st:w;\"\n\t\t\t\t\t\t\t\tstyle=\"z-index:7;font-family:'Roboto';\"\n\t\t\t\t\t\t\t>Basit olan\u0131 istemek her zaman en \u00e7etin yolu sunar. Biz de \u00e7ok basit bir \u015fey istedik. Kusursuz bir uyku... Uyku evreninin koridorlar\u0131ndan biri; g\u00fcne\u015fin enerjisiyle uyanmak. \u0130nsan hayat\u0131n\u0131n b\u00f6ylesine \u00f6nemli bir b\u00f6l\u00fcm\u00fcn\u00fc m\u00fckemmel bir rahatlama evresine d\u00f6n\u00fc\u015ft\u00fcrmek arzusuyla; marka yolculu\u011fumuzun en b\u00fcy\u00fck hedefini ta\u015f\u0131yor. \u00c7ok zor ama \u00e7ok basit. \n\t\t\t\t\t\t\t<\/rs-layer><!--\n\n\t\t\t\t\t\t\t--><rs-layer\n\t\t\t\t\t\t\t\tid=\"slider-1-slide-1-layer-3\" \n\t\t\t\t\t\t\t\tdata-type=\"image\"\n\t\t\t\t\t\t\t\tdata-rsp_ch=\"on\"\n\t\t\t\t\t\t\t\tdata-xy=\"xo:78px,78px,78px,6px;yo:92px,92px,92px,35px;\"\n\t\t\t\t\t\t\t\tdata-text=\"w:normal;s:20,20,20,4;l:0,0,0,6;\"\n\t\t\t\t\t\t\t\tdata-dim=\"w:535px,535px,535px,258px;h:357px,357px,357px,172px;\"\n\t\t\t\t\t\t\t\tdata-frame_999=\"o:0;st:w;\"\n\t\t\t\t\t\t\t\tstyle=\"z-index:8;\"\n\t\t\t\t\t\t\t><img decoding=\"async\" src=\"\/\/vokasmattress.com\/wp-content\/plugins\/revslider\/public\/assets\/assets\/dummy.png\" alt=\"\" class=\"tp-rs-img rs-lazyload\" width=\"1200\" height=\"800\" data-lazyload=\"\/\/vokasmattress.com\/wp-content\/uploads\/2023\/05\/1-slider-image-vokas-1.jpg\" data-no-retina> \n\t\t\t\t\t\t\t<\/rs-layer><!--\n\n\t\t\t\t\t\t\t--><rs-layer\n\t\t\t\t\t\t\t\tid=\"slider-1-slide-1-layer-4\" \n\t\t\t\t\t\t\t\tdata-type=\"image\"\n\t\t\t\t\t\t\t\tdata-rsp_ch=\"on\"\n\t\t\t\t\t\t\t\tdata-xy=\"xo:80px,80px,80px,9px;yo:457px,457px,457px,215px;\"\n\t\t\t\t\t\t\t\tdata-text=\"w:normal;s:20,20,20,4;l:0,0,0,6;\"\n\t\t\t\t\t\t\t\tdata-dim=\"w:253px,253px,253px,123px;h:169px,169px,169px,82px;\"\n\t\t\t\t\t\t\t\tdata-frame_999=\"o:0;st:w;\"\n\t\t\t\t\t\t\t\tstyle=\"z-index:9;\"\n\t\t\t\t\t\t\t><img decoding=\"async\" src=\"\/\/vokasmattress.com\/wp-content\/plugins\/revslider\/public\/assets\/assets\/dummy.png\" alt=\"\" class=\"tp-rs-img rs-lazyload\" width=\"1200\" height=\"800\" data-lazyload=\"\/\/vokasmattress.com\/wp-content\/uploads\/2023\/05\/1-slider-image-vokas-2.jpg\" data-no-retina> \n\t\t\t\t\t\t\t<\/rs-layer><!--\n\n\t\t\t\t\t\t\t--><rs-layer\n\t\t\t\t\t\t\t\tid=\"slider-1-slide-1-layer-5\" \n\t\t\t\t\t\t\t\tdata-type=\"image\"\n\t\t\t\t\t\t\t\tdata-rsp_ch=\"on\"\n\t\t\t\t\t\t\t\tdata-xy=\"xo:358px,358px,358px,143px;yo:457px,457px,457px,216px;\"\n\t\t\t\t\t\t\t\tdata-text=\"w:normal;s:20,20,20,4;l:0,0,0,6;\"\n\t\t\t\t\t\t\t\tdata-dim=\"w:255px,255px,255px,121px;h:170px,170px,170px,81px;\"\n\t\t\t\t\t\t\t\tdata-frame_999=\"o:0;st:w;\"\n\t\t\t\t\t\t\t\tstyle=\"z-index:10;\"\n\t\t\t\t\t\t\t><img decoding=\"async\" src=\"\/\/vokasmattress.com\/wp-content\/plugins\/revslider\/public\/assets\/assets\/dummy.png\" alt=\"\" class=\"tp-rs-img rs-lazyload\" width=\"1200\" height=\"800\" data-lazyload=\"\/\/vokasmattress.com\/wp-content\/uploads\/2023\/05\/1-slider-image-vokas-3.jpg\" data-no-retina> \n\t\t\t\t\t\t\t<\/rs-layer><!--\n\n\t\t\t\t\t\t\t--><rs-layer\n\t\t\t\t\t\t\t\tid=\"slider-1-slide-1-layer-6\" \n\t\t\t\t\t\t\t\tdata-type=\"image\"\n\t\t\t\t\t\t\t\tdata-rsp_ch=\"on\"\n\t\t\t\t\t\t\t\tdata-xy=\"x:c;xo:600px,600px,600px,193px;\"\n\t\t\t\t\t\t\t\tdata-text=\"w:normal;s:20,20,20,4;l:0,0,0,6;\"\n\t\t\t\t\t\t\t\tdata-dim=\"w:613px,613px,613px,308px;h:817px,817px,817px,410px;\"\n\t\t\t\t\t\t\t\tdata-frame_999=\"o:0;st:w;\"\n\t\t\t\t\t\t\t\tstyle=\"z-index:11;\"\n\t\t\t\t\t\t\t><img decoding=\"async\" src=\"\/\/vokasmattress.com\/wp-content\/plugins\/revslider\/public\/assets\/assets\/dummy.png\" alt=\"\" class=\"tp-rs-img rs-lazyload\" width=\"1200\" height=\"1600\" data-lazyload=\"\/\/vokasmattress.com\/wp-content\/uploads\/2023\/05\/1-vokas-slider-4.jpg\" data-no-retina> \n\t\t\t\t\t\t\t<\/rs-layer><!--\n-->\t\t\t\t\t\t<\/rs-slide>\n\t\t\t\t\t<\/rs-slides>\n\t\t\t\t<\/rs-module>\n\t\t\t\t<script>\n\t\t\t\t\tsetREVStartSize({c: 'rev_slider_1_1',rl:[1240,1240,1240,480],el:[800,800,800,400],gw:[1920,1920,1920,480],gh:[800,800,800,400],type:'standard',justify:'',layout:'fullwidth',mh:\"0\"});if (window.RS_MODULES!==undefined && window.RS_MODULES.modules!==undefined && window.RS_MODULES.modules[\"revslider11\"]!==undefined) {window.RS_MODULES.modules[\"revslider11\"].once = false;window.revapi1 = undefined;if (window.RS_MODULES.checkMinimal!==undefined) window.RS_MODULES.checkMinimal()}\n\t\t\t\t<\/script>\n\t\t\t<\/rs-module-wrap>\n\t\t\t<!-- END REVOLUTION SLIDER -->\n<\/div><\/div><\/div><\/div><div id=\"uyku-mabedi\" data-vc-full-width=\"true\" data-vc-full-width-init=\"false\" data-vc-stretch-content=\"true\" class=\"vc_row wpb_row vc_row-fluid vc_row-no-padding vc_row-o-equal-height vc_row-o-content-middle vc_row-flex\"><div class=\"wpb_column vc_column_container vc_col-sm-8\"><div class=\"vc_column-inner\"><div class=\"wpb_wrapper\">\n\t<div  class=\"wpb_single_image wpb_content_element vc_align_left\">\n\t\t\n\t\t<figure class=\"wpb_wrapper vc_figure\">\n\t\t\t<div class=\"vc_single_image-wrapper   vc_box_border_grey\"><img decoding=\"async\" width=\"1920\" height=\"1080\" src=\"https:\/\/vokasmattress.com\/wp-content\/uploads\/2023\/05\/vokas-mabed-image-matt.jpg\" class=\"vc_single_image-img attachment-full\" alt=\"\" title=\"vokas-mabed-image-matt\" srcset=\"https:\/\/vokasmattress.com\/wp-content\/uploads\/2023\/05\/vokas-mabed-image-matt.jpg 1920w, https:\/\/vokasmattress.com\/wp-content\/uploads\/2023\/05\/vokas-mabed-image-matt-300x169.jpg 300w, https:\/\/vokasmattress.com\/wp-content\/uploads\/2023\/05\/vokas-mabed-image-matt-1024x576.jpg 1024w, https:\/\/vokasmattress.com\/wp-content\/uploads\/2023\/05\/vokas-mabed-image-matt-768x432.jpg 768w, https:\/\/vokasmattress.com\/wp-content\/uploads\/2023\/05\/vokas-mabed-image-matt-1536x864.jpg 1536w, https:\/\/vokasmattress.com\/wp-content\/uploads\/2023\/05\/vokas-mabed-image-matt-18x10.jpg 18w, https:\/\/vokasmattress.com\/wp-content\/uploads\/2023\/05\/vokas-mabed-image-matt-600x338.jpg 600w, https:\/\/vokasmattress.com\/wp-content\/uploads\/2023\/05\/vokas-mabed-image-matt-150x84.jpg 150w\" sizes=\"(max-width: 1920px) 100vw, 1920px\" \/><\/div>\n\t\t<\/figure>\n\t<\/div>\n<\/div><\/div><\/div><div class=\"wpb_column vc_column_container vc_col-sm-4\"><div class=\"vc_column-inner\"><div class=\"wpb_wrapper\">\n\t<div class=\"wpb_text_column wpb_content_element\" >\n\t\t<div class=\"wpb_wrapper\">\n\t\t\t<h2>Uyku Tap\u0131na\u011f\u0131;<br \/>\nVokas Yatak<\/h2>\n<p>\u0130nsan \u0131rk\u0131n\u0131n do\u011fan\u0131n denge ve ritmine ve ke\u015ffedilmeyi bekleyen m\u00fckemmelliklerle dolu d\u00fcnyaya duydu\u011fu bitmeyen merak; O d\u00fcnyay\u0131 \u00e7ok m\u00fckemmel yapt\u0131. \u0130nsanl\u0131k; y\u00fcz\u00fcn\u00fc ne kadar do\u011faya \u00e7evirse de oradaki ilham\u0131 g\u00f6r\u00fcn\u00fcr k\u0131ld\u0131; d\u00fcnyan\u0131n farkl\u0131 disiplinleriyle do\u011fan\u0131n m\u00fckemmelli\u011fine olan hayranl\u0131\u011f\u0131n\u0131 dile getirdi. Fibonacci gibi\u2026<br \/>\nVokas Yatak, do\u011fa; \u00f6rne\u011fin pop\u00fclist bir unsur olarak de\u011fil; Marka karakterine bin bir denklemle bir bilinmeyen olarak i\u015fliyor. Zanaat\u0131n\u0131 hem teknoloji hem de insanl\u0131k tarihini anlatarak ve sergileyerek 21. y\u00fczy\u0131la ta\u015f\u0131d\u0131\u011f\u0131 ustal\u0131k miras\u0131d\u0131r.<br \/>\nondan al\u0131r.<\/p>\n<p><a href=\"https:\/\/vokasmattress.com\/tr\/vokas-mattress\/\">Vokas'\u0131 Ke\u015ffedin<\/a><\/p>\n\n\t\t<\/div>\n\t<\/div>\n<\/div><\/div><\/div><\/div><div class=\"vc_row-full-width vc_clearfix\"><\/div><div id=\"full-image\" data-vc-full-width=\"true\" data-vc-full-width-init=\"false\" data-vc-stretch-content=\"true\" class=\"vc_row wpb_row vc_row-fluid vc_custom_1684839718066 vc_row-has-fill vc_row-no-padding\"><div class=\"wpb_column vc_column_container vc_col-sm-12\"><div class=\"vc_column-inner\"><div class=\"wpb_wrapper\"><\/div><\/div><\/div><\/div><div class=\"vc_row-full-width vc_clearfix\"><\/div><div id=\"vokas-line\" data-vc-full-width=\"true\" data-vc-full-width-init=\"false\" data-vc-stretch-content=\"true\" class=\"vc_row wpb_row vc_row-fluid vc_row-no-padding vc_row-o-equal-height vc_row-o-content-middle vc_row-flex\"><div class=\"wpb_column vc_column_container vc_col-sm-8\"><div class=\"vc_column-inner\"><div class=\"wpb_wrapper\">\n\t<div class=\"wpb_text_column wpb_content_element\" >\n\t\t<div class=\"wpb_wrapper\">\n\t\t\t<h2>Vokas Line<\/h2>\n<p>Hayatta yeni bir modern ya\u015fam tap\u0131na\u011f\u0131 yaratmak i\u00e7in; Tasar\u0131mlar\u0131m\u0131zdaki kusursuz \u00e7izgiyi, do\u011fan\u0131n dengesine ve ritmine at\u0131fta bulunarak tasar\u0131mlar\u0131m\u0131zda \u00e7izgilerimize yans\u0131t\u0131yoruz. Vokas, bu \u00e7izgiyi t\u00fcm koleksiyonlar\u0131nda bir ni\u015fan gibi ta\u015f\u0131rken, g\u00f6rsel b\u00fct\u00fcnl\u00fc\u011f\u00fcn ve estetik yap\u0131n\u0131n her par\u00e7as\u0131nda her g\u00fcn kendini yeniden in\u015fa ediyor; Renk ve desenin t\u00fcm dokudaki uyumu ile g\u00f6r\u00fcn\u00fcr k\u0131l\u0131nan bir ustal\u0131\u011f\u0131, el becerisini ve zanaat\u0131 dokuma sanat\u0131 ile belgeliyor.<\/p>\n<p><a href=\"https:\/\/vokasmattress.com\/tr\/vokas-line\/\">\u00c7izgiyi Ke\u015ffet<\/a><\/p>\n\n\t\t<\/div>\n\t<\/div>\n<\/div><\/div><\/div><div class=\"wpb_column vc_column_container vc_col-sm-4\"><div class=\"vc_column-inner\"><div class=\"wpb_wrapper\">\n\t<div  class=\"wpb_single_image wpb_content_element vc_align_right\">\n\t\t\n\t\t<figure class=\"wpb_wrapper vc_figure\">\n\t\t\t<div class=\"vc_single_image-wrapper   vc_box_border_grey\"><img decoding=\"async\" width=\"1000\" height=\"1500\" src=\"https:\/\/vokasmattress.com\/wp-content\/uploads\/2023\/05\/vokas-line-image.jpg\" class=\"vc_single_image-img attachment-full\" alt=\"\" title=\"vokas-line-image\" srcset=\"https:\/\/vokasmattress.com\/wp-content\/uploads\/2023\/05\/vokas-line-image.jpg 1000w, https:\/\/vokasmattress.com\/wp-content\/uploads\/2023\/05\/vokas-line-image-200x300.jpg 200w, https:\/\/vokasmattress.com\/wp-content\/uploads\/2023\/05\/vokas-line-image-683x1024.jpg 683w, https:\/\/vokasmattress.com\/wp-content\/uploads\/2023\/05\/vokas-line-image-768x1152.jpg 768w, https:\/\/vokasmattress.com\/wp-content\/uploads\/2023\/05\/vokas-line-image-8x12.jpg 8w, https:\/\/vokasmattress.com\/wp-content\/uploads\/2023\/05\/vokas-line-image-600x900.jpg 600w, https:\/\/vokasmattress.com\/wp-content\/uploads\/2023\/05\/vokas-line-image-150x225.jpg 150w\" sizes=\"(max-width: 1000px) 100vw, 1000px\" \/><\/div>\n\t\t<\/figure>\n\t<\/div>\n<\/div><\/div><\/div><\/div><div class=\"vc_row-full-width vc_clearfix\"><\/div>\n<\/section>","protected":false},"excerpt":{"rendered":"PERFECT SLEEP EXPERIENCE Asking for the simple always presents the most arduous path. We wanted something very simple too. A","protected":false},"author":1,"featured_media":0,"parent":0,"menu_order":0,"comment_status":"closed","ping_status":"closed","template":"","meta":{"footnotes":""},"class_list":["post-2","page","type-page","status-publish","hentry"],"yoast_head":"<!-- This site is optimized with the Yoast SEO plugin v20.7 - https:\/\/yoast.com\/wordpress\/plugins\/seo\/ -->\n<title>Vokas Mattress - Vokas Mattress<\/title>\n<meta name=\"robots\" content=\"index, follow, max-snippet:-1, max-image-preview:large, max-video-preview:-1\" \/>\n<link rel=\"canonical\" href=\"https:\/\/vokasmattress.com\/tr\/\" \/>\n<meta property=\"og:locale\" content=\"tr_TR\" \/>\n<meta property=\"og:type\" content=\"article\" \/>\n<meta property=\"og:title\" content=\"Vokas Mattress - Vokas Mattress\" \/>\n<meta property=\"og:url\" content=\"https:\/\/vokasmattress.com\/tr\/\" \/>\n<meta property=\"og:site_name\" content=\"Vokas Mattress\" \/>\n<meta property=\"article:modified_time\" content=\"2023-05-23T15:27:26+00:00\" \/>\n<meta property=\"og:image\" content=\"https:\/\/vokasmattress.com\/wp-content\/uploads\/2023\/04\/vokas-mattress-logo.jpg\" \/>\n\t<meta property=\"og:image:width\" content=\"1563\" \/>\n\t<meta property=\"og:image:height\" content=\"1563\" \/>\n\t<meta property=\"og:image:type\" content=\"image\/jpeg\" \/>\n<meta name=\"twitter:card\" content=\"summary_large_image\" \/>\n<meta name=\"twitter:label1\" content=\"Tahmini okuma s\u00fcresi\" \/>\n\t<meta name=\"twitter:data1\" content=\"2 dakika\" \/>\n<script type=\"application\/ld+json\" class=\"yoast-schema-graph\">{\"@context\":\"https:\/\/schema.org\",\"@graph\":[{\"@type\":\"WebPage\",\"@id\":\"https:\/\/vokasmattress.com\/\",\"url\":\"https:\/\/vokasmattress.com\/\",\"name\":\"Vokas Mattress - Vokas Mattress\",\"isPartOf\":{\"@id\":\"https:\/\/vokasmattress.com\/#website\"},\"datePublished\":\"2023-04-03T09:47:40+00:00\",\"dateModified\":\"2023-05-23T15:27:26+00:00\",\"breadcrumb\":{\"@id\":\"https:\/\/vokasmattress.com\/#breadcrumb\"},\"inLanguage\":\"tr\",\"potentialAction\":[{\"@type\":\"ReadAction\",\"target\":[\"https:\/\/vokasmattress.com\/\"]}]},{\"@type\":\"BreadcrumbList\",\"@id\":\"https:\/\/vokasmattress.com\/#breadcrumb\",\"itemListElement\":[{\"@type\":\"ListItem\",\"position\":1,\"name\":\"Anasayfa\",\"item\":\"https:\/\/vokasmattress.com\/\"},{\"@type\":\"ListItem\",\"position\":2,\"name\":\"Vokas Mattress\"}]},{\"@type\":\"WebSite\",\"@id\":\"https:\/\/vokasmattress.com\/#website\",\"url\":\"https:\/\/vokasmattress.com\/\",\"name\":\"Vokas Mattress\",\"description\":\"Vokas Mattress\",\"publisher\":{\"@id\":\"https:\/\/vokasmattress.com\/#organization\"},\"alternateName\":\"Vokas Mattress\",\"potentialAction\":[{\"@type\":\"SearchAction\",\"target\":{\"@type\":\"EntryPoint\",\"urlTemplate\":\"https:\/\/vokasmattress.com\/?s={search_term_string}\"},\"query-input\":\"required name=search_term_string\"}],\"inLanguage\":\"tr\"},{\"@type\":\"Organization\",\"@id\":\"https:\/\/vokasmattress.com\/#organization\",\"name\":\"Vokas Mattress\",\"alternateName\":\"Vokas Mattress\",\"url\":\"https:\/\/vokasmattress.com\/\",\"logo\":{\"@type\":\"ImageObject\",\"inLanguage\":\"tr\",\"@id\":\"https:\/\/vokasmattress.com\/#\/schema\/logo\/image\/\",\"url\":\"https:\/\/vokasmattress.com\/wp-content\/uploads\/2023\/04\/vokas-mattress-logo.jpg\",\"contentUrl\":\"https:\/\/vokasmattress.com\/wp-content\/uploads\/2023\/04\/vokas-mattress-logo.jpg\",\"width\":1563,\"height\":1563,\"caption\":\"Vokas Mattress\"},\"image\":{\"@id\":\"https:\/\/vokasmattress.com\/#\/schema\/logo\/image\/\"}}]}<\/script>\n<!-- \/ Yoast SEO plugin. -->","yoast_head_json":{"title":"Vokas Mattress - Vokas Mattress","robots":{"index":"index","follow":"follow","max-snippet":"max-snippet:-1","max-image-preview":"max-image-preview:large","max-video-preview":"max-video-preview:-1"},"canonical":"https:\/\/vokasmattress.com\/tr\/","og_locale":"tr_TR","og_type":"article","og_title":"Vokas Mattress - Vokas Mattress","og_url":"https:\/\/vokasmattress.com\/tr\/","og_site_name":"Vokas Mattress","article_modified_time":"2023-05-23T15:27:26+00:00","og_image":[{"width":1563,"height":1563,"url":"https:\/\/vokasmattress.com\/wp-content\/uploads\/2023\/04\/vokas-mattress-logo.jpg","type":"image\/jpeg"}],"twitter_card":"summary_large_image","twitter_misc":{"Tahmini okuma s\u00fcresi":"2 dakika"},"schema":{"@context":"https:\/\/schema.org","@graph":[{"@type":"WebPage","@id":"https:\/\/vokasmattress.com\/","url":"https:\/\/vokasmattress.com\/","name":"Vokas Mattress - Vokas Mattress","isPartOf":{"@id":"https:\/\/vokasmattress.com\/#website"},"datePublished":"2023-04-03T09:47:40+00:00","dateModified":"2023-05-23T15:27:26+00:00","breadcrumb":{"@id":"https:\/\/vokasmattress.com\/#breadcrumb"},"inLanguage":"tr","potentialAction":[{"@type":"ReadAction","target":["https:\/\/vokasmattress.com\/"]}]},{"@type":"BreadcrumbList","@id":"https:\/\/vokasmattress.com\/#breadcrumb","itemListElement":[{"@type":"ListItem","position":1,"name":"Anasayfa","item":"https:\/\/vokasmattress.com\/"},{"@type":"ListItem","position":2,"name":"Vokas Mattress"}]},{"@type":"WebSite","@id":"https:\/\/vokasmattress.com\/#website","url":"https:\/\/vokasmattress.com\/","name":"Vokas Mattress","description":"Vokas Mattress","publisher":{"@id":"https:\/\/vokasmattress.com\/#organization"},"alternateName":"Vokas Mattress","potentialAction":[{"@type":"SearchAction","target":{"@type":"EntryPoint","urlTemplate":"https:\/\/vokasmattress.com\/?s={search_term_string}"},"query-input":"required name=search_term_string"}],"inLanguage":"tr"},{"@type":"Organization","@id":"https:\/\/vokasmattress.com\/#organization","name":"Vokas Mattress","alternateName":"Vokas Mattress","url":"https:\/\/vokasmattress.com\/","logo":{"@type":"ImageObject","inLanguage":"tr","@id":"https:\/\/vokasmattress.com\/#\/schema\/logo\/image\/","url":"https:\/\/vokasmattress.com\/wp-content\/uploads\/2023\/04\/vokas-mattress-logo.jpg","contentUrl":"https:\/\/vokasmattress.com\/wp-content\/uploads\/2023\/04\/vokas-mattress-logo.jpg","width":1563,"height":1563,"caption":"Vokas Mattress"},"image":{"@id":"https:\/\/vokasmattress.com\/#\/schema\/logo\/image\/"}}]}},"_links":{"self":[{"href":"https:\/\/vokasmattress.com\/tr\/wp-json\/wp\/v2\/pages\/2","targetHints":{"allow":["GET"]}}],"collection":[{"href":"https:\/\/vokasmattress.com\/tr\/wp-json\/wp\/v2\/pages"}],"about":[{"href":"https:\/\/vokasmattress.com\/tr\/wp-json\/wp\/v2\/types\/page"}],"author":[{"embeddable":true,"href":"https:\/\/vokasmattress.com\/tr\/wp-json\/wp\/v2\/users\/1"}],"replies":[{"embeddable":true,"href":"https:\/\/vokasmattress.com\/tr\/wp-json\/wp\/v2\/comments?post=2"}],"version-history":[{"count":21,"href":"https:\/\/vokasmattress.com\/tr\/wp-json\/wp\/v2\/pages\/2\/revisions"}],"predecessor-version":[{"id":106,"href":"https:\/\/vokasmattress.com\/tr\/wp-json\/wp\/v2\/pages\/2\/revisions\/106"}],"wp:attachment":[{"href":"https:\/\/vokasmattress.com\/tr\/wp-json\/wp\/v2\/media?parent=2"}],"curies":[{"name":"wp","href":"https:\/\/api.w.org\/{rel}","templated":true}]}}