{"id":39,"date":"2023-05-23T10:36:51","date_gmt":"2023-05-23T07:36:51","guid":{"rendered":"https:\/\/vokasmattress.com\/?page_id=39"},"modified":"2023-10-10T17:46:51","modified_gmt":"2023-10-10T14:46:51","slug":"vokas-line","status":"publish","type":"page","link":"https:\/\/vokasmattress.com\/tr\/vokas-line\/","title":{"rendered":"Vokas Line"},"content":{"rendered":"<section class=\"wpb-content-wrapper\"><div class=\"vc_row wpb_row vc_row-fluid\"><div class=\"wpb_column vc_column_container vc_col-sm-12\"><div class=\"vc_column-inner\"><div class=\"wpb_wrapper\">\n\t\t\t<!-- START Line REVOLUTION SLIDER 6.6.13 --><p class=\"rs-p-wp-fix\"><\/p>\n\t\t\t<rs-module-wrap id=\"rev_slider_2_1_wrapper\" data-source=\"gallery\" style=\"visibility:hidden;background:transparent;padding:0;margin:0px auto;margin-top:0;margin-bottom:0;\">\n\t\t\t\t<rs-module id=\"rev_slider_2_1\" style=\"\" data-version=\"6.6.13\">\n\t\t\t\t\t<rs-slides style=\"overflow: hidden; position: absolute;\">\n\t\t\t\t\t\t<rs-slide style=\"position: absolute;\" data-key=\"rs-2\" data-title=\"Slide\" data-in=\"o:0;\" data-out=\"a:false;\">\n\t\t\t\t\t\t\t<img decoding=\"async\" src=\"\/\/vokasmattress.com\/wp-content\/plugins\/revslider\/public\/assets\/assets\/dummy.png\" alt=\"Slide\" title=\"Vokas Line\" class=\"rev-slidebg tp-rs-img rs-lazyload\" data-lazyload=\"\/\/vokasmattress.com\/wp-content\/plugins\/revslider\/public\/assets\/assets\/transparent.png\" data-bg=\"c:#eeede7;\" data-no-retina>\n<!--\n\t\t\t\t\t\t\t--><rs-layer\n\t\t\t\t\t\t\t\tid=\"slider-2-slide-2-layer-0\" \n\t\t\t\t\t\t\t\tdata-type=\"text\"\n\t\t\t\t\t\t\t\tdata-color=\"#000000\"\n\t\t\t\t\t\t\t\tdata-rsp_ch=\"on\"\n\t\t\t\t\t\t\t\tdata-xy=\"x:l,l,l,c;xo:158px,158px,158px,0;y:m;yo:0,0,0,-128px;\"\n\t\t\t\t\t\t\t\tdata-text=\"w:normal;s:202,202,202,49;l:253,253,253,62;\"\n\t\t\t\t\t\t\t\tdata-frame_999=\"o:0;st:w;\"\n\t\t\t\t\t\t\t\tstyle=\"z-index:12;font-family:'Fahkwang';\"\n\t\t\t\t\t\t\t>\u00c7izgi. \n\t\t\t\t\t\t\t<\/rs-layer><!--\n\n\t\t\t\t\t\t\t--><rs-layer\n\t\t\t\t\t\t\t\tid=\"slider-2-slide-2-layer-7\" \n\t\t\t\t\t\t\t\tdata-type=\"image\"\n\t\t\t\t\t\t\t\tdata-rsp_ch=\"on\"\n\t\t\t\t\t\t\t\tdata-xy=\"xo:958px,958px,958px,-8px;y:m;yo:0,0,0,202px;\"\n\t\t\t\t\t\t\t\tdata-text=\"w:normal;s:20,20,20,4;l:0,0,0,6;\"\n\t\t\t\t\t\t\t\tdata-dim=\"w:967px,967px,967px,507px;h:967px,967px,967px,507px;\"\n\t\t\t\t\t\t\t\tdata-frame_999=\"o:0;st:w;\"\n\t\t\t\t\t\t\t\tstyle=\"z-index:13;\"\n\t\t\t\t\t\t\t><img decoding=\"async\" src=\"\/\/vokasmattress.com\/wp-content\/plugins\/revslider\/public\/assets\/assets\/dummy.png\" alt=\"\" class=\"tp-rs-img rs-lazyload\" width=\"2000\" height=\"2000\" data-lazyload=\"\/\/vokasmattress.com\/wp-content\/uploads\/2023\/05\/1-vokas-about-image-bototm.jpg\" data-no-retina> \n\t\t\t\t\t\t\t<\/rs-layer><!--\n-->\t\t\t\t\t\t<\/rs-slide>\n\t\t\t\t\t<\/rs-slides>\n\t\t\t\t<\/rs-module>\n\t\t\t\t<script>\n\t\t\t\t\tsetREVStartSize({c: 'rev_slider_2_1',rl:[1240,1240,1240,480],el:[800,800,800,400],gw:[1920,1920,1920,480],gh:[800,800,800,400],type:'standard',justify:'',layout:'fullwidth',mh:\"0\"});if (window.RS_MODULES!==undefined && window.RS_MODULES.modules!==undefined && window.RS_MODULES.modules[\"revslider21\"]!==undefined) {window.RS_MODULES.modules[\"revslider21\"].once = false;window.revapi2 = undefined;if (window.RS_MODULES.checkMinimal!==undefined) window.RS_MODULES.checkMinimal()}\n\t\t\t\t<\/script>\n\t\t\t<\/rs-module-wrap>\n\t\t\t<!-- END REVOLUTION SLIDER -->\n<\/div><\/div><\/div><\/div><div id=\"line-text\" data-vc-full-width=\"true\" data-vc-full-width-init=\"false\" data-vc-stretch-content=\"true\" class=\"vc_row wpb_row vc_row-fluid vc_row-no-padding vc_row-o-equal-height vc_row-o-content-middle vc_row-flex row-reverse-mobile\"><div class=\"wpb_column vc_column_container vc_col-sm-6\"><div class=\"vc_column-inner\"><div class=\"wpb_wrapper\">\n\t<div  class=\"wpb_single_image wpb_content_element vc_align_right\">\n\t\t\n\t\t<figure class=\"wpb_wrapper vc_figure\">\n\t\t\t<div class=\"vc_single_image-wrapper   vc_box_border_grey\"><img decoding=\"async\" width=\"800\" height=\"1200\" src=\"https:\/\/vokasmattress.com\/wp-content\/uploads\/2023\/05\/vokas-line-page-image.jpg\" class=\"vc_single_image-img attachment-full\" alt=\"\" title=\"vokas-line-page-image\" srcset=\"https:\/\/vokasmattress.com\/wp-content\/uploads\/2023\/05\/vokas-line-page-image.jpg 800w, https:\/\/vokasmattress.com\/wp-content\/uploads\/2023\/05\/vokas-line-page-image-200x300.jpg 200w, https:\/\/vokasmattress.com\/wp-content\/uploads\/2023\/05\/vokas-line-page-image-683x1024.jpg 683w, https:\/\/vokasmattress.com\/wp-content\/uploads\/2023\/05\/vokas-line-page-image-768x1152.jpg 768w, https:\/\/vokasmattress.com\/wp-content\/uploads\/2023\/05\/vokas-line-page-image-8x12.jpg 8w, https:\/\/vokasmattress.com\/wp-content\/uploads\/2023\/05\/vokas-line-page-image-600x900.jpg 600w\" sizes=\"(max-width: 800px) 100vw, 800px\" \/><\/div>\n\t\t<\/figure>\n\t<\/div>\n<\/div><\/div><\/div><div class=\"wpb_column vc_column_container vc_col-sm-6\"><div class=\"vc_column-inner\"><div class=\"wpb_wrapper\">\n\t<div class=\"wpb_text_column wpb_content_element\" >\n\t\t<div class=\"wpb_wrapper\">\n\t\t\t<h2>Vokas: Unutulmaz Uyku Deneyimi<\/h2>\n<p>Yatak se\u00e7imi sa\u011fl\u0131\u011f\u0131m\u0131z ve genel refah\u0131m\u0131z i\u00e7in \u00e7ok \u00f6nemlidir. Vokas olarak, m\u00fc\u015fterilerimize en \u00fcst d\u00fczeyde konfor sa\u011flamak i\u00e7in yataklar\u0131m\u0131z\u0131 \u00f6zenle tasarl\u0131yor ve \u00fcretiyoruz. Kalite, i\u015fimizin temel ta\u015f\u0131d\u0131r ve yatak \u00fcretiminde en ileri teknolojileri kullanarak her a\u015famada titizlikle \u00e7al\u0131\u015f\u0131r\u0131z.<\/p>\n<p>Vokas \u015filtelerin kalitesi birinci s\u0131n\u0131f malzemelerle ba\u015flar. Mevcut en iyi malzemelerden y\u00fcksek yo\u011funluklu k\u00f6p\u00fckler, l\u00fcks lateks katmanlar ve destekleyici bobin sistemleri kullan\u0131yoruz. Bu birinci s\u0131n\u0131f bile\u015fenleri i\u00e7eren \u015filtelerimiz yaln\u0131zca dayan\u0131kl\u0131 olmakla kalmaz, ayn\u0131 zamanda ola\u011fan\u00fcst\u00fc konfor ve destek sa\u011flar.<\/p>\n<p><a href=\"https:\/\/vokasmattress.com\/tr\/vokas-mattress\/\">Vokas'\u0131 Ke\u015ffedin<\/a><\/p>\n\n\t\t<\/div>\n\t<\/div>\n<\/div><\/div><\/div><\/div><div class=\"vc_row-full-width vc_clearfix\"><\/div>\n<\/section>","protected":false},"excerpt":{"rendered":"Line. Vokas: Unforgettable Sleep Experience The choice of a mattress is crucial for our health and overall well-being. At Vokas,","protected":false},"author":1,"featured_media":0,"parent":0,"menu_order":0,"comment_status":"closed","ping_status":"closed","template":"","meta":{"footnotes":""},"class_list":["post-39","page","type-page","status-publish","hentry"],"yoast_head":"<!-- This site is optimized with the Yoast SEO plugin v20.7 - https:\/\/yoast.com\/wordpress\/plugins\/seo\/ -->\n<title>Vokas Line - Vokas Mattress<\/title>\n<meta name=\"robots\" content=\"index, follow, max-snippet:-1, max-image-preview:large, max-video-preview:-1\" \/>\n<link rel=\"canonical\" href=\"https:\/\/vokasmattress.com\/tr\/vokas-line\/\" \/>\n<meta property=\"og:locale\" content=\"tr_TR\" \/>\n<meta property=\"og:type\" content=\"article\" \/>\n<meta property=\"og:title\" content=\"Vokas Line - Vokas Mattress\" \/>\n<meta property=\"og:url\" content=\"https:\/\/vokasmattress.com\/tr\/vokas-line\/\" \/>\n<meta property=\"og:site_name\" content=\"Vokas Mattress\" \/>\n<meta property=\"article:modified_time\" content=\"2023-10-10T14:46:51+00:00\" \/>\n<meta property=\"og:image\" content=\"https:\/\/vokasmattress.com\/wp-content\/uploads\/2023\/04\/vokas-mattress-logo.jpg\" \/>\n\t<meta property=\"og:image:width\" content=\"1563\" \/>\n\t<meta property=\"og:image:height\" content=\"1563\" \/>\n\t<meta property=\"og:image:type\" content=\"image\/jpeg\" \/>\n<meta name=\"twitter:card\" content=\"summary_large_image\" \/>\n<meta name=\"twitter:label1\" content=\"Tahmini okuma s\u00fcresi\" \/>\n\t<meta name=\"twitter:data1\" content=\"1 dakika\" \/>\n<script type=\"application\/ld+json\" class=\"yoast-schema-graph\">{\"@context\":\"https:\/\/schema.org\",\"@graph\":[{\"@type\":\"WebPage\",\"@id\":\"https:\/\/vokasmattress.com\/vokas-line\/\",\"url\":\"https:\/\/vokasmattress.com\/vokas-line\/\",\"name\":\"Vokas Line - Vokas Mattress\",\"isPartOf\":{\"@id\":\"https:\/\/vokasmattress.com\/#website\"},\"datePublished\":\"2023-05-23T07:36:51+00:00\",\"dateModified\":\"2023-10-10T14:46:51+00:00\",\"breadcrumb\":{\"@id\":\"https:\/\/vokasmattress.com\/vokas-line\/#breadcrumb\"},\"inLanguage\":\"tr\",\"potentialAction\":[{\"@type\":\"ReadAction\",\"target\":[\"https:\/\/vokasmattress.com\/vokas-line\/\"]}]},{\"@type\":\"BreadcrumbList\",\"@id\":\"https:\/\/vokasmattress.com\/vokas-line\/#breadcrumb\",\"itemListElement\":[{\"@type\":\"ListItem\",\"position\":1,\"name\":\"Anasayfa\",\"item\":\"https:\/\/vokasmattress.com\/\"},{\"@type\":\"ListItem\",\"position\":2,\"name\":\"Vokas Line\"}]},{\"@type\":\"WebSite\",\"@id\":\"https:\/\/vokasmattress.com\/#website\",\"url\":\"https:\/\/vokasmattress.com\/\",\"name\":\"Vokas Mattress\",\"description\":\"Vokas Mattress\",\"publisher\":{\"@id\":\"https:\/\/vokasmattress.com\/#organization\"},\"alternateName\":\"Vokas Mattress\",\"potentialAction\":[{\"@type\":\"SearchAction\",\"target\":{\"@type\":\"EntryPoint\",\"urlTemplate\":\"https:\/\/vokasmattress.com\/?s={search_term_string}\"},\"query-input\":\"required name=search_term_string\"}],\"inLanguage\":\"tr\"},{\"@type\":\"Organization\",\"@id\":\"https:\/\/vokasmattress.com\/#organization\",\"name\":\"Vokas Mattress\",\"alternateName\":\"Vokas Mattress\",\"url\":\"https:\/\/vokasmattress.com\/\",\"logo\":{\"@type\":\"ImageObject\",\"inLanguage\":\"tr\",\"@id\":\"https:\/\/vokasmattress.com\/#\/schema\/logo\/image\/\",\"url\":\"https:\/\/vokasmattress.com\/wp-content\/uploads\/2023\/04\/vokas-mattress-logo.jpg\",\"contentUrl\":\"https:\/\/vokasmattress.com\/wp-content\/uploads\/2023\/04\/vokas-mattress-logo.jpg\",\"width\":1563,\"height\":1563,\"caption\":\"Vokas Mattress\"},\"image\":{\"@id\":\"https:\/\/vokasmattress.com\/#\/schema\/logo\/image\/\"}}]}<\/script>\n<!-- \/ Yoast SEO plugin. -->","yoast_head_json":{"title":"Vokas Line - Vokas Mattress","robots":{"index":"index","follow":"follow","max-snippet":"max-snippet:-1","max-image-preview":"max-image-preview:large","max-video-preview":"max-video-preview:-1"},"canonical":"https:\/\/vokasmattress.com\/tr\/vokas-line\/","og_locale":"tr_TR","og_type":"article","og_title":"Vokas Line - Vokas Mattress","og_url":"https:\/\/vokasmattress.com\/tr\/vokas-line\/","og_site_name":"Vokas Mattress","article_modified_time":"2023-10-10T14:46:51+00:00","og_image":[{"width":1563,"height":1563,"url":"https:\/\/vokasmattress.com\/wp-content\/uploads\/2023\/04\/vokas-mattress-logo.jpg","type":"image\/jpeg"}],"twitter_card":"summary_large_image","twitter_misc":{"Tahmini okuma s\u00fcresi":"1 dakika"},"schema":{"@context":"https:\/\/schema.org","@graph":[{"@type":"WebPage","@id":"https:\/\/vokasmattress.com\/vokas-line\/","url":"https:\/\/vokasmattress.com\/vokas-line\/","name":"Vokas Line - Vokas Mattress","isPartOf":{"@id":"https:\/\/vokasmattress.com\/#website"},"datePublished":"2023-05-23T07:36:51+00:00","dateModified":"2023-10-10T14:46:51+00:00","breadcrumb":{"@id":"https:\/\/vokasmattress.com\/vokas-line\/#breadcrumb"},"inLanguage":"tr","potentialAction":[{"@type":"ReadAction","target":["https:\/\/vokasmattress.com\/vokas-line\/"]}]},{"@type":"BreadcrumbList","@id":"https:\/\/vokasmattress.com\/vokas-line\/#breadcrumb","itemListElement":[{"@type":"ListItem","position":1,"name":"Anasayfa","item":"https:\/\/vokasmattress.com\/"},{"@type":"ListItem","position":2,"name":"Vokas Line"}]},{"@type":"WebSite","@id":"https:\/\/vokasmattress.com\/#website","url":"https:\/\/vokasmattress.com\/","name":"Vokas Mattress","description":"Vokas Mattress","publisher":{"@id":"https:\/\/vokasmattress.com\/#organization"},"alternateName":"Vokas Mattress","potentialAction":[{"@type":"SearchAction","target":{"@type":"EntryPoint","urlTemplate":"https:\/\/vokasmattress.com\/?s={search_term_string}"},"query-input":"required name=search_term_string"}],"inLanguage":"tr"},{"@type":"Organization","@id":"https:\/\/vokasmattress.com\/#organization","name":"Vokas Mattress","alternateName":"Vokas Mattress","url":"https:\/\/vokasmattress.com\/","logo":{"@type":"ImageObject","inLanguage":"tr","@id":"https:\/\/vokasmattress.com\/#\/schema\/logo\/image\/","url":"https:\/\/vokasmattress.com\/wp-content\/uploads\/2023\/04\/vokas-mattress-logo.jpg","contentUrl":"https:\/\/vokasmattress.com\/wp-content\/uploads\/2023\/04\/vokas-mattress-logo.jpg","width":1563,"height":1563,"caption":"Vokas Mattress"},"image":{"@id":"https:\/\/vokasmattress.com\/#\/schema\/logo\/image\/"}}]}},"_links":{"self":[{"href":"https:\/\/vokasmattress.com\/tr\/wp-json\/wp\/v2\/pages\/39","targetHints":{"allow":["GET"]}}],"collection":[{"href":"https:\/\/vokasmattress.com\/tr\/wp-json\/wp\/v2\/pages"}],"about":[{"href":"https:\/\/vokasmattress.com\/tr\/wp-json\/wp\/v2\/types\/page"}],"author":[{"embeddable":true,"href":"https:\/\/vokasmattress.com\/tr\/wp-json\/wp\/v2\/users\/1"}],"replies":[{"embeddable":true,"href":"https:\/\/vokasmattress.com\/tr\/wp-json\/wp\/v2\/comments?post=39"}],"version-history":[{"count":9,"href":"https:\/\/vokasmattress.com\/tr\/wp-json\/wp\/v2\/pages\/39\/revisions"}],"predecessor-version":[{"id":172,"href":"https:\/\/vokasmattress.com\/tr\/wp-json\/wp\/v2\/pages\/39\/revisions\/172"}],"wp:attachment":[{"href":"https:\/\/vokasmattress.com\/tr\/wp-json\/wp\/v2\/media?parent=39"}],"curies":[{"name":"wp","href":"https:\/\/api.w.org\/{rel}","templated":true}]}}