{"id":52,"date":"2023-05-23T10:53:46","date_gmt":"2023-05-23T07:53:46","guid":{"rendered":"https:\/\/vokasmattress.com\/?page_id=52"},"modified":"2023-05-23T15:27:34","modified_gmt":"2023-05-23T12:27:34","slug":"contact","status":"publish","type":"page","link":"https:\/\/vokasmattress.com\/tr\/contact\/","title":{"rendered":"\u0130leti\u015fim"},"content":{"rendered":"<section class=\"wpb-content-wrapper\"><div id=\"banner-contact\" data-vc-full-width=\"true\" data-vc-full-width-init=\"false\" data-vc-stretch-content=\"true\" class=\"vc_row wpb_row vc_row-fluid vc_row-no-padding\"><div class=\"wpb_column vc_column_container vc_col-sm-12\"><div class=\"vc_column-inner\"><div class=\"wpb_wrapper\">\t\t<div class=\"promo-banner-wrapper\">\r\n\t\t\t<div id=\"wd-646caf92abf07\" class=\"promo-banner banner- banner-hover-none color-scheme-light banner-btn-size-default banner-btn-style-default wd-display-image banner-vr-align-bottom banner-hr-align-center\" \r\n\t\t\t\t\t\t\t\t\t\t\t >\r\n\r\n\t\t\t\t<div class=\"main-wrapp-img\">\r\n\t\t\t\t\t\t\t\t\t\t\t<div class=\"banner-image\">\r\n\t\t\t\t\t\t\t<img decoding=\"async\" width=\"2560\" height=\"800\" src=\"https:\/\/vokasmattress.com\/wp-content\/uploads\/2023\/05\/contact-banner-vok-1-scaled.jpg\" class=\"promo-banner-image attachment-full\" alt=\"\" title=\"contact-banner-vok (1)\" srcset=\"https:\/\/vokasmattress.com\/wp-content\/uploads\/2023\/05\/contact-banner-vok-1-scaled.jpg 2560w, https:\/\/vokasmattress.com\/wp-content\/uploads\/2023\/05\/contact-banner-vok-1-300x94.jpg 300w, https:\/\/vokasmattress.com\/wp-content\/uploads\/2023\/05\/contact-banner-vok-1-1024x320.jpg 1024w, https:\/\/vokasmattress.com\/wp-content\/uploads\/2023\/05\/contact-banner-vok-1-768x240.jpg 768w, https:\/\/vokasmattress.com\/wp-content\/uploads\/2023\/05\/contact-banner-vok-1-1536x480.jpg 1536w, https:\/\/vokasmattress.com\/wp-content\/uploads\/2023\/05\/contact-banner-vok-1-2048x640.jpg 2048w, https:\/\/vokasmattress.com\/wp-content\/uploads\/2023\/05\/contact-banner-vok-1-18x6.jpg 18w, https:\/\/vokasmattress.com\/wp-content\/uploads\/2023\/05\/contact-banner-vok-1-600x187.jpg 600w, https:\/\/vokasmattress.com\/wp-content\/uploads\/2023\/05\/contact-banner-vok-1-150x47.jpg 150w\" sizes=\"(max-width: 2560px) 100vw, 2560px\" \/>\t\t\t\t\t\t<\/div>\r\n\t\t\t\t\t\t\t\t\t<\/div>\r\n\r\n\t\t\t\t<div class=\"wrapper-content-banner wd-fill  wd-items-bottom wd-justify-center\">\r\n\t\t\t\t\t<div class=\"content-banner text-left wd-width-100\">\r\n\t\t\t\t\t\t\t<div class=\"banner-title-wrap banner-title-default\">\r\n\t\t\t\t\t\t\t\t\t\t\t\t\t\t\t\t\t\t\t\t\t\t\t\t\t<\/div>\r\n\t\t\t\t\t\t\t\t\t\t\t\t\t<div class=\"banner-inner set-cont-mb-s reset-last-child wd-fontsize-xs\">\r\n\t\t\t\t\t\t\t\t<\/p>\n<h3 style=\"text-align: center;\" class=\" translation-block\">Merhaba, size yard\u0131mc\u0131 olmak i\u00e7in buraday\u0131z<\/h3>\n<p style=\"text-align: center;\"><a href=\"https:\/\/vokasmattress.com\/tr\/contact\/#contact\">\u0130leti\u015fim<\/a><\/p>\n<p>\n\t\t\t\t\t\t\t<\/div>\r\n\t\t\t\t\t\t\t\t\t\t\t\t\t\t\t\t\t<\/div>\r\n\t\t\t\t<\/div>\r\n\t\t\t\t\t\t\t<\/div>\r\n\t\t<\/div>\r\n\t\t\r\n\t\t<\/div><\/div><\/div><\/div><div class=\"vc_row-full-width vc_clearfix\"><\/div><div id=\"contact\" data-vc-full-width=\"true\" data-vc-full-width-init=\"false\" class=\"vc_row wpb_row vc_row-fluid vc_row-o-content-middle vc_row-flex\"><div class=\"wpb_column vc_column_container vc_col-sm-6\"><div class=\"vc_column-inner\"><div class=\"wpb_wrapper\">\n\t<div class=\"wpb_raw_code wpb_content_element wpb_raw_html\" >\n\t\t<div class=\"wpb_wrapper\">\n\t\t\t<h5>Vokas | Sosyal<\/h5>\n<div class=\"footer-last\">\n\t\t\t<div>\n\t\t<img decoding=\"async\" src=\"https:\/\/vokasmattress.com\/wp-content\/uploads\/2023\/05\/vokas-instagram.png\" \/>\n\t\t<a href=\"https:\/\/instagram.com\/vokasmattress?igshid=MzRlODBiNWFlZA==\" target=\"_blank\">Vokas Yatak<\/a>\n\t<\/div>\n\t\t\t\t<div>\n\t\t<img decoding=\"async\" src=\"https:\/\/vokasmattress.com\/wp-content\/uploads\/2023\/05\/facebook-vokas.png\" \/>\n\t\t<a href=\"https:\/\/www.facebook.com\/vokasmattress\" target=\"_blank\">Vokas Yatak<\/a>\n\t<\/div>\n<\/div>\n\t\t<\/div>\n\t<\/div>\n<\/div><\/div><\/div><div class=\"wpb_column vc_column_container vc_col-sm-6\" id=\"contact-form\"><div class=\"vc_column-inner\"><div class=\"wpb_wrapper\">\n\t<div class=\"wpb_text_column wpb_content_element\" >\n\t\t<div class=\"wpb_wrapper\">\n\t\t\t<h3>\u0130leti\u015fim Formu<\/h3>\n<div class=\"form-item form-item--subheading\">\n<p>Herhangi bir sorunuz varsa veya daha fazla bilgi istiyorsan\u0131z, bize bir mesaj yaz\u0131n. Size yard\u0131mc\u0131 olmaktan mutluluk duyar\u0131z. Yan\u0131t i\u00e7in l\u00fctfen 1 i\u015f g\u00fcn\u00fc bekleyin. En k\u0131sa s\u00fcrede size geri d\u00f6nece\u011fiz!<\/p>\n<\/div>\n<div class=\"form-field form-field--text\"><\/div>\n\n\t\t<\/div>\n\t<\/div>\n\n<div class=\"wpcf7 no-js\" id=\"wpcf7-f6-o1\" lang=\"tr-TR\" dir=\"ltr\">\n<div class=\"screen-reader-response\"><p role=\"status\" aria-live=\"polite\" aria-atomic=\"true\"><\/p> <ul><\/ul><\/div>\n<form action=\"\/tr\/wp-json\/wp\/v2\/pages\/52#wpcf7-f6-o1\" method=\"post\" class=\"wpcf7-form init\" aria-label=\"Contact form\" novalidate=\"novalidate\" data-status=\"init\" data-trp-original-action=\"\/tr\/wp-json\/wp\/v2\/pages\/52#wpcf7-f6-o1\">\n<div style=\"display: none;\">\n<input type=\"hidden\" name=\"_wpcf7\" value=\"6\" \/>\n<input type=\"hidden\" name=\"_wpcf7_version\" value=\"5.7.6\" \/>\n<input type=\"hidden\" name=\"_wpcf7_locale\" value=\"tr_TR\" \/>\n<input type=\"hidden\" name=\"_wpcf7_unit_tag\" value=\"wpcf7-f6-o1\" \/>\n<input type=\"hidden\" name=\"_wpcf7_container_post\" value=\"0\" \/>\n<input type=\"hidden\" name=\"_wpcf7_posted_data_hash\" value=\"\" \/>\n<\/div>\n<p><label><span class=\"wpcf7-form-control-wrap\" data-name=\"your-name\"><input size=\"40\" class=\"wpcf7-form-control wpcf7-text wpcf7-validates-as-required\" autocomplete=\"name\" aria-required=\"true\" aria-invalid=\"false\" placeholder=\"Ad - Soyad\" value=\"\" type=\"text\" name=\"your-name\" \/><\/span><\/label><br \/>\n<label><span class=\"wpcf7-form-control-wrap\" data-name=\"your-email\"><input size=\"40\" class=\"wpcf7-form-control wpcf7-text wpcf7-email wpcf7-validates-as-required wpcf7-validates-as-email\" autocomplete=\"email\" aria-required=\"true\" aria-invalid=\"false\" placeholder=\"E-posta\" value=\"\" type=\"email\" name=\"your-email\" \/><\/span> <\/label><br \/>\n<label><span class=\"wpcf7-form-control-wrap\" data-name=\"your-subject\"><input size=\"40\" class=\"wpcf7-form-control wpcf7-text wpcf7-validates-as-required\" aria-required=\"true\" aria-invalid=\"false\" placeholder=\"Konu\" value=\"\" type=\"text\" name=\"your-subject\" \/><\/span> <\/label><br \/>\n<label><span class=\"wpcf7-form-control-wrap\" data-name=\"your-message\"><textarea cols=\"40\" rows=\"10\" class=\"wpcf7-form-control wpcf7-textarea\" aria-invalid=\"false\" placeholder=\"Mesaj\" name=\"your-message\"><\/textarea><\/span> <\/label><br \/>\n<input class=\"wpcf7-form-control has-spinner wpcf7-submit\" type=\"submit\" value=\"G\u00f6nder\" \/>\n<\/p><div class=\"wpcf7-response-output\" aria-hidden=\"true\"><\/div>\n<input type=\"hidden\" name=\"trp-form-language\" value=\"tr\"\/><\/form>\n<\/div>\n<\/div><\/div><\/div><\/div><div class=\"vc_row-full-width vc_clearfix\"><\/div>\n<\/section>","protected":false},"excerpt":{"rendered":"Hello, we are here to help you. Contact Vokas |\u00a0Social Vokas Mattress Vokas Mattress Contact Form If you have any","protected":false},"author":1,"featured_media":0,"parent":0,"menu_order":0,"comment_status":"closed","ping_status":"closed","template":"","meta":{"footnotes":""},"class_list":["post-52","page","type-page","status-publish","hentry"],"yoast_head":"<!-- This site is optimized with the Yoast SEO plugin v20.7 - https:\/\/yoast.com\/wordpress\/plugins\/seo\/ -->\n<title>Contact - Vokas Mattress<\/title>\n<meta name=\"robots\" content=\"index, follow, max-snippet:-1, max-image-preview:large, max-video-preview:-1\" \/>\n<link rel=\"canonical\" href=\"https:\/\/vokasmattress.com\/tr\/contact\/\" \/>\n<meta property=\"og:locale\" content=\"tr_TR\" \/>\n<meta property=\"og:type\" content=\"article\" \/>\n<meta property=\"og:title\" content=\"Contact - Vokas Mattress\" \/>\n<meta property=\"og:url\" content=\"https:\/\/vokasmattress.com\/tr\/contact\/\" \/>\n<meta property=\"og:site_name\" content=\"Vokas Mattress\" \/>\n<meta property=\"article:modified_time\" content=\"2023-05-23T12:27:34+00:00\" \/>\n<meta property=\"og:image\" content=\"https:\/\/vokasmattress.com\/wp-content\/uploads\/2023\/04\/vokas-mattress-logo.jpg\" \/>\n\t<meta property=\"og:image:width\" content=\"1563\" \/>\n\t<meta property=\"og:image:height\" content=\"1563\" \/>\n\t<meta property=\"og:image:type\" content=\"image\/jpeg\" \/>\n<meta name=\"twitter:card\" content=\"summary_large_image\" \/>\n<meta name=\"twitter:label1\" content=\"Tahmini okuma s\u00fcresi\" \/>\n\t<meta name=\"twitter:data1\" content=\"1 dakika\" \/>\n<script type=\"application\/ld+json\" class=\"yoast-schema-graph\">{\"@context\":\"https:\/\/schema.org\",\"@graph\":[{\"@type\":\"WebPage\",\"@id\":\"https:\/\/vokasmattress.com\/contact\/\",\"url\":\"https:\/\/vokasmattress.com\/contact\/\",\"name\":\"Contact - Vokas Mattress\",\"isPartOf\":{\"@id\":\"https:\/\/vokasmattress.com\/#website\"},\"datePublished\":\"2023-05-23T07:53:46+00:00\",\"dateModified\":\"2023-05-23T12:27:34+00:00\",\"breadcrumb\":{\"@id\":\"https:\/\/vokasmattress.com\/contact\/#breadcrumb\"},\"inLanguage\":\"tr\",\"potentialAction\":[{\"@type\":\"ReadAction\",\"target\":[\"https:\/\/vokasmattress.com\/contact\/\"]}]},{\"@type\":\"BreadcrumbList\",\"@id\":\"https:\/\/vokasmattress.com\/contact\/#breadcrumb\",\"itemListElement\":[{\"@type\":\"ListItem\",\"position\":1,\"name\":\"Anasayfa\",\"item\":\"https:\/\/vokasmattress.com\/\"},{\"@type\":\"ListItem\",\"position\":2,\"name\":\"Contact\"}]},{\"@type\":\"WebSite\",\"@id\":\"https:\/\/vokasmattress.com\/#website\",\"url\":\"https:\/\/vokasmattress.com\/\",\"name\":\"Vokas Mattress\",\"description\":\"Vokas Mattress\",\"publisher\":{\"@id\":\"https:\/\/vokasmattress.com\/#organization\"},\"alternateName\":\"Vokas Mattress\",\"potentialAction\":[{\"@type\":\"SearchAction\",\"target\":{\"@type\":\"EntryPoint\",\"urlTemplate\":\"https:\/\/vokasmattress.com\/?s={search_term_string}\"},\"query-input\":\"required name=search_term_string\"}],\"inLanguage\":\"tr\"},{\"@type\":\"Organization\",\"@id\":\"https:\/\/vokasmattress.com\/#organization\",\"name\":\"Vokas Mattress\",\"alternateName\":\"Vokas Mattress\",\"url\":\"https:\/\/vokasmattress.com\/\",\"logo\":{\"@type\":\"ImageObject\",\"inLanguage\":\"tr\",\"@id\":\"https:\/\/vokasmattress.com\/#\/schema\/logo\/image\/\",\"url\":\"https:\/\/vokasmattress.com\/wp-content\/uploads\/2023\/04\/vokas-mattress-logo.jpg\",\"contentUrl\":\"https:\/\/vokasmattress.com\/wp-content\/uploads\/2023\/04\/vokas-mattress-logo.jpg\",\"width\":1563,\"height\":1563,\"caption\":\"Vokas Mattress\"},\"image\":{\"@id\":\"https:\/\/vokasmattress.com\/#\/schema\/logo\/image\/\"}}]}<\/script>\n<!-- \/ Yoast SEO plugin. -->","yoast_head_json":{"title":"Contact - Vokas Mattress","robots":{"index":"index","follow":"follow","max-snippet":"max-snippet:-1","max-image-preview":"max-image-preview:large","max-video-preview":"max-video-preview:-1"},"canonical":"https:\/\/vokasmattress.com\/tr\/contact\/","og_locale":"tr_TR","og_type":"article","og_title":"Contact - Vokas Mattress","og_url":"https:\/\/vokasmattress.com\/tr\/contact\/","og_site_name":"Vokas Mattress","article_modified_time":"2023-05-23T12:27:34+00:00","og_image":[{"width":1563,"height":1563,"url":"https:\/\/vokasmattress.com\/wp-content\/uploads\/2023\/04\/vokas-mattress-logo.jpg","type":"image\/jpeg"}],"twitter_card":"summary_large_image","twitter_misc":{"Tahmini okuma s\u00fcresi":"1 dakika"},"schema":{"@context":"https:\/\/schema.org","@graph":[{"@type":"WebPage","@id":"https:\/\/vokasmattress.com\/contact\/","url":"https:\/\/vokasmattress.com\/contact\/","name":"Contact - Vokas Mattress","isPartOf":{"@id":"https:\/\/vokasmattress.com\/#website"},"datePublished":"2023-05-23T07:53:46+00:00","dateModified":"2023-05-23T12:27:34+00:00","breadcrumb":{"@id":"https:\/\/vokasmattress.com\/contact\/#breadcrumb"},"inLanguage":"tr","potentialAction":[{"@type":"ReadAction","target":["https:\/\/vokasmattress.com\/contact\/"]}]},{"@type":"BreadcrumbList","@id":"https:\/\/vokasmattress.com\/contact\/#breadcrumb","itemListElement":[{"@type":"ListItem","position":1,"name":"Anasayfa","item":"https:\/\/vokasmattress.com\/"},{"@type":"ListItem","position":2,"name":"Contact"}]},{"@type":"WebSite","@id":"https:\/\/vokasmattress.com\/#website","url":"https:\/\/vokasmattress.com\/","name":"Vokas Mattress","description":"Vokas Mattress","publisher":{"@id":"https:\/\/vokasmattress.com\/#organization"},"alternateName":"Vokas Mattress","potentialAction":[{"@type":"SearchAction","target":{"@type":"EntryPoint","urlTemplate":"https:\/\/vokasmattress.com\/?s={search_term_string}"},"query-input":"required name=search_term_string"}],"inLanguage":"tr"},{"@type":"Organization","@id":"https:\/\/vokasmattress.com\/#organization","name":"Vokas Mattress","alternateName":"Vokas Mattress","url":"https:\/\/vokasmattress.com\/","logo":{"@type":"ImageObject","inLanguage":"tr","@id":"https:\/\/vokasmattress.com\/#\/schema\/logo\/image\/","url":"https:\/\/vokasmattress.com\/wp-content\/uploads\/2023\/04\/vokas-mattress-logo.jpg","contentUrl":"https:\/\/vokasmattress.com\/wp-content\/uploads\/2023\/04\/vokas-mattress-logo.jpg","width":1563,"height":1563,"caption":"Vokas Mattress"},"image":{"@id":"https:\/\/vokasmattress.com\/#\/schema\/logo\/image\/"}}]}},"_links":{"self":[{"href":"https:\/\/vokasmattress.com\/tr\/wp-json\/wp\/v2\/pages\/52","targetHints":{"allow":["GET"]}}],"collection":[{"href":"https:\/\/vokasmattress.com\/tr\/wp-json\/wp\/v2\/pages"}],"about":[{"href":"https:\/\/vokasmattress.com\/tr\/wp-json\/wp\/v2\/types\/page"}],"author":[{"embeddable":true,"href":"https:\/\/vokasmattress.com\/tr\/wp-json\/wp\/v2\/users\/1"}],"replies":[{"embeddable":true,"href":"https:\/\/vokasmattress.com\/tr\/wp-json\/wp\/v2\/comments?post=52"}],"version-history":[{"count":5,"href":"https:\/\/vokasmattress.com\/tr\/wp-json\/wp\/v2\/pages\/52\/revisions"}],"predecessor-version":[{"id":135,"href":"https:\/\/vokasmattress.com\/tr\/wp-json\/wp\/v2\/pages\/52\/revisions\/135"}],"wp:attachment":[{"href":"https:\/\/vokasmattress.com\/tr\/wp-json\/wp\/v2\/media?parent=52"}],"curies":[{"name":"wp","href":"https:\/\/api.w.org\/{rel}","templated":true}]}}