{"id":54,"date":"2023-05-23T10:53:58","date_gmt":"2023-05-23T07:53:58","guid":{"rendered":"https:\/\/vokasmattress.com\/?page_id=54"},"modified":"2023-05-24T22:32:03","modified_gmt":"2023-05-24T19:32:03","slug":"about-us","status":"publish","type":"page","link":"https:\/\/vokasmattress.com\/tr\/about-us\/","title":{"rendered":"Hakk\u0131m\u0131zda"},"content":{"rendered":"<section class=\"wpb-content-wrapper\"><div id=\"banner-contact\" data-vc-full-width=\"true\" data-vc-full-width-init=\"false\" data-vc-stretch-content=\"true\" class=\"vc_row wpb_row vc_row-fluid vc_row-no-padding\"><div class=\"wpb_column vc_column_container vc_col-sm-12\"><div class=\"vc_column-inner\"><div class=\"wpb_wrapper\">\t\t<div class=\"promo-banner-wrapper\">\r\n\t\t\t<div id=\"wd-646e6628e5b2a\" class=\"promo-banner banner- banner-hover-none color-scheme-light banner-btn-size-default banner-btn-style-default wd-display-image banner-vr-align-bottom banner-hr-align-center\" \r\n\t\t\t\t\t\t\t\t\t\t\t >\r\n\r\n\t\t\t\t<div class=\"main-wrapp-img\">\r\n\t\t\t\t\t\t\t\t\t\t\t<div class=\"banner-image\">\r\n\t\t\t\t\t\t\t<img decoding=\"async\" width=\"1920\" height=\"600\" src=\"https:\/\/vokasmattress.com\/wp-content\/uploads\/2023\/05\/about-us-banner-vokas-mat.jpg\" class=\"promo-banner-image attachment-full\" alt=\"\" title=\"about-us-banner-vokas-mat\" srcset=\"https:\/\/vokasmattress.com\/wp-content\/uploads\/2023\/05\/about-us-banner-vokas-mat.jpg 1920w, https:\/\/vokasmattress.com\/wp-content\/uploads\/2023\/05\/about-us-banner-vokas-mat-300x94.jpg 300w, https:\/\/vokasmattress.com\/wp-content\/uploads\/2023\/05\/about-us-banner-vokas-mat-1024x320.jpg 1024w, https:\/\/vokasmattress.com\/wp-content\/uploads\/2023\/05\/about-us-banner-vokas-mat-768x240.jpg 768w, https:\/\/vokasmattress.com\/wp-content\/uploads\/2023\/05\/about-us-banner-vokas-mat-1536x480.jpg 1536w, https:\/\/vokasmattress.com\/wp-content\/uploads\/2023\/05\/about-us-banner-vokas-mat-18x6.jpg 18w, https:\/\/vokasmattress.com\/wp-content\/uploads\/2023\/05\/about-us-banner-vokas-mat-600x188.jpg 600w, https:\/\/vokasmattress.com\/wp-content\/uploads\/2023\/05\/about-us-banner-vokas-mat-150x47.jpg 150w\" sizes=\"(max-width: 1920px) 100vw, 1920px\" \/>\t\t\t\t\t\t<\/div>\r\n\t\t\t\t\t\t\t\t\t<\/div>\r\n\r\n\t\t\t\t<div class=\"wrapper-content-banner wd-fill  wd-items-bottom wd-justify-center\">\r\n\t\t\t\t\t<div class=\"content-banner text-left wd-width-100\">\r\n\t\t\t\t\t\t\t<div class=\"banner-title-wrap banner-title-default\">\r\n\t\t\t\t\t\t\t\t\t\t\t\t\t\t\t\t\t\t\t\t\t\t\t\t\t<\/div>\r\n\t\t\t\t\t\t\t\t\t\t\t\t\t<div class=\"banner-inner set-cont-mb-s reset-last-child wd-fontsize-xs\">\r\n\t\t\t\t\t\t\t\t<\/p>\n<h3 style=\"text-align: center;\">Hakk\u0131m\u0131zda<\/h3>\n<p>\n\t\t\t\t\t\t\t<\/div>\r\n\t\t\t\t\t\t\t\t\t\t\t\t\t\t\t\t\t<\/div>\r\n\t\t\t\t<\/div>\r\n\t\t\t\t\t\t\t<\/div>\r\n\t\t<\/div>\r\n\t\t\r\n\t\t<\/div><\/div><\/div><\/div><div class=\"vc_row-full-width vc_clearfix\"><\/div><div id=\"sayfa-hakkimizda\" class=\"vc_row wpb_row vc_row-fluid vc_row-o-content-middle vc_row-flex\"><div class=\"wpb_column vc_column_container vc_col-sm-6\"><div class=\"vc_column-inner\"><div class=\"wpb_wrapper\">\n\t<div  class=\"wpb_single_image wpb_content_element vc_align_left\">\n\t\t\n\t\t<figure class=\"wpb_wrapper vc_figure\">\n\t\t\t<div class=\"vc_single_image-wrapper   vc_box_border_grey\"><img decoding=\"async\" width=\"2000\" height=\"2000\" src=\"https:\/\/vokasmattress.com\/wp-content\/uploads\/2023\/05\/hd-about-banner-image.jpg\" class=\"vc_single_image-img attachment-full\" alt=\"\" title=\"hd-about-banner-image\" srcset=\"https:\/\/vokasmattress.com\/wp-content\/uploads\/2023\/05\/hd-about-banner-image.jpg 2000w, https:\/\/vokasmattress.com\/wp-content\/uploads\/2023\/05\/hd-about-banner-image-300x300.jpg 300w, https:\/\/vokasmattress.com\/wp-content\/uploads\/2023\/05\/hd-about-banner-image-1024x1024.jpg 1024w, https:\/\/vokasmattress.com\/wp-content\/uploads\/2023\/05\/hd-about-banner-image-150x150.jpg 150w, https:\/\/vokasmattress.com\/wp-content\/uploads\/2023\/05\/hd-about-banner-image-768x768.jpg 768w, https:\/\/vokasmattress.com\/wp-content\/uploads\/2023\/05\/hd-about-banner-image-1536x1536.jpg 1536w, https:\/\/vokasmattress.com\/wp-content\/uploads\/2023\/05\/hd-about-banner-image-12x12.jpg 12w, https:\/\/vokasmattress.com\/wp-content\/uploads\/2023\/05\/hd-about-banner-image-600x600.jpg 600w\" sizes=\"(max-width: 2000px) 100vw, 2000px\" \/><\/div>\n\t\t<\/figure>\n\t<\/div>\n<\/div><\/div><\/div><div class=\"wpb_column vc_column_container vc_col-sm-6\" id=\"sayfa-hakkimizda-right\"><div class=\"vc_column-inner\"><div class=\"wpb_wrapper\">\n\t<div class=\"wpb_text_column wpb_content_element\" >\n\t\t<div class=\"wpb_wrapper\">\n\t\t\t<h4 style=\"text-align: left;\">Vokas Yatak: Konforun ve L\u00fcks\u00fcn Adresi<\/h4>\n<p style=\"text-align: left;\">Vokas Yatak yeni kurulmu\u015f bir firma olmas\u0131na ra\u011fmen d\u00fcnyan\u0131n en konforlu ve l\u00fcks yataklar\u0131n\u0131 \u00fcretmeyi hedeflemektedir. M\u00fc\u015fterilerine daha iyi bir uyku deneyimi ya\u015fatmay\u0131 hedefleyen Vokas Yatak, y\u00fcksek kaliteli \u00fcr\u00fcnleri ve yenilik\u00e7i tasar\u0131mlar\u0131yla dikkat \u00e7ekiyor.<\/p>\n<p style=\"text-align: left;\">Vokas Yatak'\u0131n \u00f6ncelikli hedefi, m\u00fc\u015fterilerinin daha rahat ve rahat bir \u015fekilde uyumas\u0131n\u0131 sa\u011flamakt\u0131r. Uyku, sa\u011fl\u0131kl\u0131 bir ya\u015fam tarz\u0131n\u0131n temel unsurudur ve bu bilin\u00e7le Vokas Yatak, en iyi uyku deneyimini sunmak i\u00e7in titizlikle \u00e7al\u0131\u015f\u0131r. Her detay\u0131n \u00f6zenle d\u00fc\u015f\u00fcn\u00fcld\u00fc\u011f\u00fc yataklar, kaliteli malzemeler kullan\u0131larak \u00fcretilerek uzun \u00f6m\u00fcrl\u00fc kullan\u0131m vaat ediyor.<\/p>\n<p style=\"text-align: left;\">Vokas Yatak'\u0131n \u00fcretim s\u00fcreci, yenilik\u00e7i teknolojilerin kullan\u0131ld\u0131\u011f\u0131 son teknoloji tesislerde ger\u00e7ekle\u015fmektedir. Nitelikli uzmanlar, en son geli\u015fmeleri takip ederek, her yata\u011f\u0131n m\u00fckemmel \u015fekilde tasarlanmas\u0131n\u0131 sa\u011flar. Bu yataklar, ergonomik destek sa\u011flama ve v\u00fccudun do\u011fal \u015fekline uyum sa\u011flama \u00f6zellikleriyle \u00f6ne \u00e7\u0131k\u0131yor.<\/p>\n\n\t\t<\/div>\n\t<\/div>\n<\/div><\/div><\/div><\/div><div id=\"about\" class=\"vc_row wpb_row vc_row-fluid vc_row-o-content-middle vc_row-flex row-reverse-mobile\"><div class=\"wpb_column vc_column_container vc_col-sm-6\" id=\"about-content\"><div class=\"vc_column-inner\"><div class=\"wpb_wrapper\">\t\t\t<div class=\"info-box-wrapper\">\r\n\t\t\t\t<div id=\"wd-646cc2372ca07\" class=\"wd-info-box woodmart-info-box wd-wpb text-left box-icon-align-left box-style- color-scheme- wd-bg-none box-title-default\"  >\r\n\t\t\t\t\t\t\t\t\t\t\t<div class=\"box-icon-wrapper  box-with-icon box-icon-simple\">\r\n\t\t\t\t\t\t\t<div class=\"info-box-icon\">\r\n\r\n\t\t\t\t\t\t\t\r\n\t\t\t\t\t\t\t\t\t\t\t\t\t\t\t\t\t<img decoding=\"async\" width=\"50\" height=\"50\" src=\"https:\/\/vokasmattress.com\/wp-content\/uploads\/2023\/05\/hakkimizda-ok-3.png\" class=\"info-icon image-1 attachment-full\" alt=\"\" title=\"hakkimizda-ok-3\" srcset=\"https:\/\/vokasmattress.com\/wp-content\/uploads\/2023\/05\/hakkimizda-ok-3.png 50w, https:\/\/vokasmattress.com\/wp-content\/uploads\/2023\/05\/hakkimizda-ok-3-12x12.png 12w\" sizes=\"(max-width: 50px) 100vw, 50px\" \/>\t\t\t\t\t\t\t\t\t\t\t\t\t\t\t\r\n\t\t\t\t\t\t\t<\/div>\r\n\t\t\t\t\t\t<\/div>\r\n\t\t\t\t\t\t\t\t\t\t<div class=\"info-box-content\">\r\n\t\t\t\t\t\t\t\t\t\t\t\t<div class=\"info-box-inner set-cont-mb-s reset-last-child\">\r\n\t\t\t\t\t\t\t<\/p>\n<h5 class=\"asagi-baslik\">\u0130leri Teknoloji<\/h5>\n<p>\u0130leri teknoloji ile hem sa\u011fl\u0131\u011f\u0131n\u0131z\u0131 hem de konforunuzu d\u00fc\u015f\u00fcn\u00fcyoruz. Vokas yatak sizi d\u00fc\u015f\u00fcn\u00fcyor.<\/p>\n\t\t\t\t\t\t<\/div>\r\n\r\n\t\t\t\t\t\t\r\n\t\t\t\t\t<\/div>\r\n\r\n\t\t\t\t\t\t\t\t\t<\/div>\r\n\t\t\t<\/div>\r\n\t\t\t\t\t<div class=\"info-box-wrapper\">\r\n\t\t\t\t<div id=\"wd-646cc243b48bb\" class=\"wd-info-box woodmart-info-box wd-wpb text-left box-icon-align-left box-style- color-scheme- wd-bg-none box-title-default\"  >\r\n\t\t\t\t\t\t\t\t\t\t\t<div class=\"box-icon-wrapper  box-with-icon box-icon-simple\">\r\n\t\t\t\t\t\t\t<div class=\"info-box-icon\">\r\n\r\n\t\t\t\t\t\t\t\r\n\t\t\t\t\t\t\t\t\t\t\t\t\t\t\t\t\t<img decoding=\"async\" width=\"50\" height=\"50\" src=\"https:\/\/vokasmattress.com\/wp-content\/uploads\/2023\/05\/hakkimizda-ok-2.png\" class=\"info-icon image-1 attachment-full\" alt=\"\" title=\"hakkimizda-ok-2\" srcset=\"https:\/\/vokasmattress.com\/wp-content\/uploads\/2023\/05\/hakkimizda-ok-2.png 50w, https:\/\/vokasmattress.com\/wp-content\/uploads\/2023\/05\/hakkimizda-ok-2-12x12.png 12w\" sizes=\"(max-width: 50px) 100vw, 50px\" \/>\t\t\t\t\t\t\t\t\t\t\t\t\t\t\t\r\n\t\t\t\t\t\t\t<\/div>\r\n\t\t\t\t\t\t<\/div>\r\n\t\t\t\t\t\t\t\t\t\t<div class=\"info-box-content\">\r\n\t\t\t\t\t\t\t\t\t\t\t\t<div class=\"info-box-inner set-cont-mb-s reset-last-child\">\r\n\t\t\t\t\t\t\t<\/p>\n<h5>G\u00fcvenilir Kalite<\/h5>\n<p>\u0130stek ve \u00f6nerilerinizi bekliyoruz. Verimli ve kar\u015f\u0131l\u0131kl\u0131 yarar sa\u011flayan i\u015fbirli\u011fine haz\u0131r\u0131z.<\/p>\n\t\t\t\t\t\t<\/div>\r\n\r\n\t\t\t\t\t\t\r\n\t\t\t\t\t<\/div>\r\n\r\n\t\t\t\t\t\t\t\t\t<\/div>\r\n\t\t\t<\/div>\r\n\t\t\t\t\t<div class=\"info-box-wrapper\">\r\n\t\t\t\t<div id=\"wd-646cc261b79cb\" class=\"wd-info-box woodmart-info-box wd-wpb text-left box-icon-align-left box-style- color-scheme- wd-bg-none box-title-default\"  >\r\n\t\t\t\t\t\t\t\t\t\t\t<div class=\"box-icon-wrapper  box-with-icon box-icon-simple\">\r\n\t\t\t\t\t\t\t<div class=\"info-box-icon\">\r\n\r\n\t\t\t\t\t\t\t\r\n\t\t\t\t\t\t\t\t\t\t\t\t\t\t\t\t\t<img decoding=\"async\" width=\"50\" height=\"50\" src=\"https:\/\/vokasmattress.com\/wp-content\/uploads\/2023\/05\/hakkimizda-ok-1.png\" class=\"info-icon image-1 attachment-full\" alt=\"\" title=\"hakkimizda-ok-1\" srcset=\"https:\/\/vokasmattress.com\/wp-content\/uploads\/2023\/05\/hakkimizda-ok-1.png 50w, https:\/\/vokasmattress.com\/wp-content\/uploads\/2023\/05\/hakkimizda-ok-1-12x12.png 12w\" sizes=\"(max-width: 50px) 100vw, 50px\" \/>\t\t\t\t\t\t\t\t\t\t\t\t\t\t\t\r\n\t\t\t\t\t\t\t<\/div>\r\n\t\t\t\t\t\t<\/div>\r\n\t\t\t\t\t\t\t\t\t\t<div class=\"info-box-content\">\r\n\t\t\t\t\t\t\t\t\t\t\t\t<div class=\"info-box-inner set-cont-mb-s reset-last-child\">\r\n\t\t\t\t\t\t\t<\/p>\n<h5 class=\"asagi-baslik\">Daha Kullan\u0131\u015fl\u0131, Daha Konforlu<\/h5>\n<p>Vokas \u00fcr\u00fcnleri hem rahat\u0131n\u0131z\u0131 hem de rahatl\u0131\u011f\u0131n\u0131z\u0131 d\u00fc\u015f\u00fcn\u00fcr. \u00dcretim a\u015famas\u0131ndan itibaren sa\u011fl\u0131\u011f\u0131n\u0131z\u0131 d\u00fc\u015f\u00fcnmeye ba\u015flar.<\/p>\n\t\t\t\t\t\t<\/div>\r\n\r\n\t\t\t\t\t\t\r\n\t\t\t\t\t<\/div>\r\n\r\n\t\t\t\t\t\t\t\t\t<\/div>\r\n\t\t\t<\/div>\r\n\t\t<\/div><\/div><\/div><div class=\"wpb_column vc_column_container vc_col-sm-6\" id=\"about-right\"><div class=\"vc_column-inner\"><div class=\"wpb_wrapper\">\n\t<div  class=\"wpb_single_image wpb_content_element vc_align_center\">\n\t\t\n\t\t<figure class=\"wpb_wrapper vc_figure\">\n\t\t\t<div class=\"vc_single_image-wrapper   vc_box_border_grey\"><img decoding=\"async\" width=\"2000\" height=\"2000\" src=\"https:\/\/vokasmattress.com\/wp-content\/uploads\/2023\/05\/vokas-about-image-bototm.jpg\" class=\"vc_single_image-img attachment-full\" alt=\"\" title=\"vokas-about-image-bototm\" srcset=\"https:\/\/vokasmattress.com\/wp-content\/uploads\/2023\/05\/vokas-about-image-bototm.jpg 2000w, https:\/\/vokasmattress.com\/wp-content\/uploads\/2023\/05\/vokas-about-image-bototm-300x300.jpg 300w, https:\/\/vokasmattress.com\/wp-content\/uploads\/2023\/05\/vokas-about-image-bototm-1024x1024.jpg 1024w, https:\/\/vokasmattress.com\/wp-content\/uploads\/2023\/05\/vokas-about-image-bototm-150x150.jpg 150w, https:\/\/vokasmattress.com\/wp-content\/uploads\/2023\/05\/vokas-about-image-bototm-768x768.jpg 768w, https:\/\/vokasmattress.com\/wp-content\/uploads\/2023\/05\/vokas-about-image-bototm-1536x1536.jpg 1536w, https:\/\/vokasmattress.com\/wp-content\/uploads\/2023\/05\/vokas-about-image-bototm-12x12.jpg 12w, https:\/\/vokasmattress.com\/wp-content\/uploads\/2023\/05\/vokas-about-image-bototm-600x600.jpg 600w\" sizes=\"(max-width: 2000px) 100vw, 2000px\" \/><\/div>\n\t\t<\/figure>\n\t<\/div>\n<\/div><\/div><\/div><\/div>\n<\/section>","protected":false},"excerpt":{"rendered":"About Us Vokas Matress: The Destination of Comfort and Luxury Despite being a newly established company, Vokas Matress aims to","protected":false},"author":1,"featured_media":0,"parent":0,"menu_order":0,"comment_status":"closed","ping_status":"closed","template":"","meta":{"footnotes":""},"class_list":["post-54","page","type-page","status-publish","hentry"],"yoast_head":"<!-- This site is optimized with the Yoast SEO plugin v20.7 - https:\/\/yoast.com\/wordpress\/plugins\/seo\/ -->\n<title>About Us - Vokas Mattress<\/title>\n<meta name=\"robots\" content=\"index, follow, max-snippet:-1, max-image-preview:large, max-video-preview:-1\" \/>\n<link rel=\"canonical\" href=\"https:\/\/vokasmattress.com\/tr\/about-us\/\" \/>\n<meta property=\"og:locale\" content=\"tr_TR\" \/>\n<meta property=\"og:type\" content=\"article\" \/>\n<meta property=\"og:title\" content=\"About Us - Vokas Mattress\" \/>\n<meta property=\"og:url\" content=\"https:\/\/vokasmattress.com\/tr\/about-us\/\" \/>\n<meta property=\"og:site_name\" content=\"Vokas Mattress\" \/>\n<meta property=\"article:modified_time\" content=\"2023-05-24T19:32:03+00:00\" \/>\n<meta property=\"og:image\" content=\"https:\/\/vokasmattress.com\/wp-content\/uploads\/2023\/04\/vokas-mattress-logo.jpg\" \/>\n\t<meta property=\"og:image:width\" content=\"1563\" \/>\n\t<meta property=\"og:image:height\" content=\"1563\" \/>\n\t<meta property=\"og:image:type\" content=\"image\/jpeg\" \/>\n<meta name=\"twitter:card\" content=\"summary_large_image\" \/>\n<meta name=\"twitter:label1\" content=\"Tahmini okuma s\u00fcresi\" \/>\n\t<meta name=\"twitter:data1\" content=\"2 dakika\" \/>\n<script type=\"application\/ld+json\" class=\"yoast-schema-graph\">{\"@context\":\"https:\/\/schema.org\",\"@graph\":[{\"@type\":\"WebPage\",\"@id\":\"https:\/\/vokasmattress.com\/about-us\/\",\"url\":\"https:\/\/vokasmattress.com\/about-us\/\",\"name\":\"About Us - Vokas Mattress\",\"isPartOf\":{\"@id\":\"https:\/\/vokasmattress.com\/#website\"},\"datePublished\":\"2023-05-23T07:53:58+00:00\",\"dateModified\":\"2023-05-24T19:32:03+00:00\",\"breadcrumb\":{\"@id\":\"https:\/\/vokasmattress.com\/about-us\/#breadcrumb\"},\"inLanguage\":\"tr\",\"potentialAction\":[{\"@type\":\"ReadAction\",\"target\":[\"https:\/\/vokasmattress.com\/about-us\/\"]}]},{\"@type\":\"BreadcrumbList\",\"@id\":\"https:\/\/vokasmattress.com\/about-us\/#breadcrumb\",\"itemListElement\":[{\"@type\":\"ListItem\",\"position\":1,\"name\":\"Anasayfa\",\"item\":\"https:\/\/vokasmattress.com\/\"},{\"@type\":\"ListItem\",\"position\":2,\"name\":\"About Us\"}]},{\"@type\":\"WebSite\",\"@id\":\"https:\/\/vokasmattress.com\/#website\",\"url\":\"https:\/\/vokasmattress.com\/\",\"name\":\"Vokas Mattress\",\"description\":\"Vokas Mattress\",\"publisher\":{\"@id\":\"https:\/\/vokasmattress.com\/#organization\"},\"alternateName\":\"Vokas Mattress\",\"potentialAction\":[{\"@type\":\"SearchAction\",\"target\":{\"@type\":\"EntryPoint\",\"urlTemplate\":\"https:\/\/vokasmattress.com\/?s={search_term_string}\"},\"query-input\":\"required name=search_term_string\"}],\"inLanguage\":\"tr\"},{\"@type\":\"Organization\",\"@id\":\"https:\/\/vokasmattress.com\/#organization\",\"name\":\"Vokas Mattress\",\"alternateName\":\"Vokas Mattress\",\"url\":\"https:\/\/vokasmattress.com\/\",\"logo\":{\"@type\":\"ImageObject\",\"inLanguage\":\"tr\",\"@id\":\"https:\/\/vokasmattress.com\/#\/schema\/logo\/image\/\",\"url\":\"https:\/\/vokasmattress.com\/wp-content\/uploads\/2023\/04\/vokas-mattress-logo.jpg\",\"contentUrl\":\"https:\/\/vokasmattress.com\/wp-content\/uploads\/2023\/04\/vokas-mattress-logo.jpg\",\"width\":1563,\"height\":1563,\"caption\":\"Vokas Mattress\"},\"image\":{\"@id\":\"https:\/\/vokasmattress.com\/#\/schema\/logo\/image\/\"}}]}<\/script>\n<!-- \/ Yoast SEO plugin. -->","yoast_head_json":{"title":"About Us - Vokas Mattress","robots":{"index":"index","follow":"follow","max-snippet":"max-snippet:-1","max-image-preview":"max-image-preview:large","max-video-preview":"max-video-preview:-1"},"canonical":"https:\/\/vokasmattress.com\/tr\/about-us\/","og_locale":"tr_TR","og_type":"article","og_title":"About Us - Vokas Mattress","og_url":"https:\/\/vokasmattress.com\/tr\/about-us\/","og_site_name":"Vokas Mattress","article_modified_time":"2023-05-24T19:32:03+00:00","og_image":[{"width":1563,"height":1563,"url":"https:\/\/vokasmattress.com\/wp-content\/uploads\/2023\/04\/vokas-mattress-logo.jpg","type":"image\/jpeg"}],"twitter_card":"summary_large_image","twitter_misc":{"Tahmini okuma s\u00fcresi":"2 dakika"},"schema":{"@context":"https:\/\/schema.org","@graph":[{"@type":"WebPage","@id":"https:\/\/vokasmattress.com\/about-us\/","url":"https:\/\/vokasmattress.com\/about-us\/","name":"About Us - Vokas Mattress","isPartOf":{"@id":"https:\/\/vokasmattress.com\/#website"},"datePublished":"2023-05-23T07:53:58+00:00","dateModified":"2023-05-24T19:32:03+00:00","breadcrumb":{"@id":"https:\/\/vokasmattress.com\/about-us\/#breadcrumb"},"inLanguage":"tr","potentialAction":[{"@type":"ReadAction","target":["https:\/\/vokasmattress.com\/about-us\/"]}]},{"@type":"BreadcrumbList","@id":"https:\/\/vokasmattress.com\/about-us\/#breadcrumb","itemListElement":[{"@type":"ListItem","position":1,"name":"Anasayfa","item":"https:\/\/vokasmattress.com\/"},{"@type":"ListItem","position":2,"name":"About Us"}]},{"@type":"WebSite","@id":"https:\/\/vokasmattress.com\/#website","url":"https:\/\/vokasmattress.com\/","name":"Vokas Mattress","description":"Vokas Mattress","publisher":{"@id":"https:\/\/vokasmattress.com\/#organization"},"alternateName":"Vokas Mattress","potentialAction":[{"@type":"SearchAction","target":{"@type":"EntryPoint","urlTemplate":"https:\/\/vokasmattress.com\/?s={search_term_string}"},"query-input":"required name=search_term_string"}],"inLanguage":"tr"},{"@type":"Organization","@id":"https:\/\/vokasmattress.com\/#organization","name":"Vokas Mattress","alternateName":"Vokas Mattress","url":"https:\/\/vokasmattress.com\/","logo":{"@type":"ImageObject","inLanguage":"tr","@id":"https:\/\/vokasmattress.com\/#\/schema\/logo\/image\/","url":"https:\/\/vokasmattress.com\/wp-content\/uploads\/2023\/04\/vokas-mattress-logo.jpg","contentUrl":"https:\/\/vokasmattress.com\/wp-content\/uploads\/2023\/04\/vokas-mattress-logo.jpg","width":1563,"height":1563,"caption":"Vokas Mattress"},"image":{"@id":"https:\/\/vokasmattress.com\/#\/schema\/logo\/image\/"}}]}},"_links":{"self":[{"href":"https:\/\/vokasmattress.com\/tr\/wp-json\/wp\/v2\/pages\/54","targetHints":{"allow":["GET"]}}],"collection":[{"href":"https:\/\/vokasmattress.com\/tr\/wp-json\/wp\/v2\/pages"}],"about":[{"href":"https:\/\/vokasmattress.com\/tr\/wp-json\/wp\/v2\/types\/page"}],"author":[{"embeddable":true,"href":"https:\/\/vokasmattress.com\/tr\/wp-json\/wp\/v2\/users\/1"}],"replies":[{"embeddable":true,"href":"https:\/\/vokasmattress.com\/tr\/wp-json\/wp\/v2\/comments?post=54"}],"version-history":[{"count":10,"href":"https:\/\/vokasmattress.com\/tr\/wp-json\/wp\/v2\/pages\/54\/revisions"}],"predecessor-version":[{"id":173,"href":"https:\/\/vokasmattress.com\/tr\/wp-json\/wp\/v2\/pages\/54\/revisions\/173"}],"wp:attachment":[{"href":"https:\/\/vokasmattress.com\/tr\/wp-json\/wp\/v2\/media?parent=54"}],"curies":[{"name":"wp","href":"https:\/\/api.w.org\/{rel}","templated":true}]}}