{"id":57,"date":"2023-05-23T10:54:57","date_gmt":"2023-05-23T07:54:57","guid":{"rendered":"https:\/\/vokasmattress.com\/?post_type=product&#038;p=57"},"modified":"2023-05-23T18:06:48","modified_gmt":"2023-05-23T15:06:48","slug":"vokas-mattress","status":"publish","type":"product","link":"https:\/\/vokasmattress.com\/tr\/vokas-mattress\/","title":{"rendered":"Vokas Yatak"},"content":{"rendered":"<section class=\"wpb-content-wrapper\"><div class=\"vc_row wpb_row vc_row-fluid\"><div class=\"wpb_column vc_column_container vc_col-sm-12\"><div class=\"vc_column-inner\"><div class=\"wpb_wrapper\">\n\t<div class=\"wpb_raw_code wpb_content_element wpb_raw_html\" >\n\t\t<div class=\"wpb_wrapper\">\n\t\t\t<table>\n  <tr>\n    <th>Yatak Tipi<\/th>\n    <td>Orta Karyola + Sand\u0131k + Topper<\/td>\n  <\/tr>\n  <tr>\n    <th>Sertlik<\/th>\n    <td>Yumu\u015fak, Orta Sert, Ekstra Sert<\/td>\n  <\/tr>\n  <tr>\n    <th>A\u011f\u0131rl\u0131k<\/th>\n    <td>150 kg<\/td>\n  <\/tr>\n  <tr>\n    <th>Y\u00fckseklik (Ayaklar Dahil)<\/th>\n    <td>70 cm<\/td>\n  <\/tr>\n  <tr>\n    <th>Kuma\u015f<\/th>\n    <td>100% pamuk<\/td>\n  <\/tr>\n  <tr>\n    <th>Model<\/th>\n    <td>Checked<\/td>\n  <\/tr>\n  <tr>\n    <th>Dekoratif Yan Diki\u015fler<\/th>\n    <td>Evet<\/td>\n  <\/tr>\n  <tr>\n    <th>Y\u00fczey Katman\u0131 Say\u0131s\u0131<\/th>\n    <td>27<\/td>\n  <\/tr>\n  <tr>\n    <th>\u0130stifleme<\/th>\n    <td>\n      Elle da\u011f\u0131t\u0131lan 3 katl\u0131 at k\u0131l\u0131, J\u00fct bazl\u0131 3 katl\u0131 at k\u0131l\u0131,\n      2 kat keten, 10 kat y\u00fcn ve pamuk\n    <\/td>\n  <\/tr>\n  <tr>\n    <th>Yay Sistemi 1<\/th>\n    <td>Paket Yay 18 cm<\/td>\n  <\/tr>\n  <tr>\n    <th>Yay Sistemi 2<\/th>\n    <td>Paket Yay 8 cm<\/td>\n  <\/tr>\n  <tr>\n    <th>Yay Sistemi 3<\/th>\n    <td>\u00c7am \u00c7er\u00e7eve 17 cm<\/td>\n  <\/tr>\n  <tr>\n    <th>\u00c7er\u00e7eve<\/th>\n    <td>\u00c7am \u00c7er\u00e7eve 14 cm<\/td>\n  <\/tr>\n<\/table>\n\n\t\t<\/div>\n\t<\/div>\n\n\t<div  class=\"wpb_single_image wpb_content_element vc_align_left\">\n\t\t\n\t\t<figure class=\"wpb_wrapper vc_figure\">\n\t\t\t<div class=\"vc_single_image-wrapper   vc_box_border_grey\"><img decoding=\"async\" width=\"1920\" height=\"1080\" src=\"https:\/\/vokasmattress.com\/wp-content\/uploads\/2023\/05\/vokas-detail-image.jpg\" class=\"vc_single_image-img attachment-full\" alt=\"\" title=\"vokas-detail-image\" srcset=\"https:\/\/vokasmattress.com\/wp-content\/uploads\/2023\/05\/vokas-detail-image.jpg 1920w, https:\/\/vokasmattress.com\/wp-content\/uploads\/2023\/05\/vokas-detail-image-300x169.jpg 300w, https:\/\/vokasmattress.com\/wp-content\/uploads\/2023\/05\/vokas-detail-image-1024x576.jpg 1024w, https:\/\/vokasmattress.com\/wp-content\/uploads\/2023\/05\/vokas-detail-image-768x432.jpg 768w, https:\/\/vokasmattress.com\/wp-content\/uploads\/2023\/05\/vokas-detail-image-1536x864.jpg 1536w, https:\/\/vokasmattress.com\/wp-content\/uploads\/2023\/05\/vokas-detail-image-18x10.jpg 18w, https:\/\/vokasmattress.com\/wp-content\/uploads\/2023\/05\/vokas-detail-image-600x338.jpg 600w\" sizes=\"(max-width: 1920px) 100vw, 1920px\" \/><\/div>\n\t\t<\/figure>\n\t<\/div>\n<\/div><\/div><\/div><\/div>\n<\/section>","protected":false},"excerpt":{"rendered":"<p>Hayatta yeni bir modern ya\u015fam tap\u0131na\u011f\u0131 yaratmak i\u00e7in; Tasar\u0131mlar\u0131m\u0131zdaki kusursuz \u00e7izgiyi, do\u011fan\u0131n dengesine ve ritmine at\u0131fta bulunarak tasar\u0131mlar\u0131m\u0131zda \u00e7izgilerimize yans\u0131t\u0131yoruz. Vokas, bu \u00e7izgiyi t\u00fcm koleksiyonlar\u0131nda bir ni\u015fan gibi ta\u015f\u0131rken, g\u00f6rsel b\u00fct\u00fcnl\u00fc\u011f\u00fcn ve estetik yap\u0131n\u0131n her par\u00e7as\u0131nda her g\u00fcn kendini yeniden in\u015fa ediyor; Renk ve desenin t\u00fcm dokudaki uyumu ile g\u00f6r\u00fcn\u00fcr k\u0131l\u0131nan bir ustal\u0131\u011f\u0131, el becerisini ve zanaat\u0131 dokuma sanat\u0131 ile belgeliyor.<\/p>","protected":false},"featured_media":145,"comment_status":"closed","ping_status":"closed","template":"","meta":[],"product_cat":[15],"product_tag":[],"class_list":["post-57","product","type-product","status-publish","has-post-thumbnail","hentry","product_cat-mattress"],"yoast_head":"<!-- This site is optimized with the Yoast SEO plugin v20.7 - https:\/\/yoast.com\/wordpress\/plugins\/seo\/ -->\n<title>Vokas Mattress - Vokas Mattress<\/title>\n<meta name=\"robots\" content=\"index, follow, max-snippet:-1, max-image-preview:large, max-video-preview:-1\" \/>\n<link rel=\"canonical\" href=\"https:\/\/vokasmattress.com\/tr\/vokas-mattress\/\" \/>\n<meta property=\"og:locale\" content=\"tr_TR\" \/>\n<meta property=\"og:type\" content=\"article\" \/>\n<meta property=\"og:title\" content=\"Vokas Mattress - Vokas Mattress\" \/>\n<meta property=\"og:description\" content=\"In order to create a new temple of modern life in life; We reflect the perfect line in our designs to our lines in our designs, referring to the balance and rhythm of nature. Vokas carries this line in all its collections like an engagement while reconstructing itself every day in every part of the visual integrity and aesthetic nature; It authenticates a mastery, dexterity and craft, which is made visible by the harmony of color and pattern in the whole texture, with the art of weaving.\" \/>\n<meta property=\"og:url\" content=\"https:\/\/vokasmattress.com\/tr\/vokas-mattress\/\" \/>\n<meta property=\"og:site_name\" content=\"Vokas Mattress\" \/>\n<meta property=\"article:modified_time\" content=\"2023-05-23T15:06:48+00:00\" \/>\n<meta property=\"og:image\" content=\"https:\/\/vokasmattress.com\/wp-content\/uploads\/2023\/05\/hd-about-banner-image.jpg\" \/>\n\t<meta property=\"og:image:width\" content=\"2000\" \/>\n\t<meta property=\"og:image:height\" content=\"2000\" \/>\n\t<meta property=\"og:image:type\" content=\"image\/jpeg\" \/>\n<meta name=\"twitter:card\" content=\"summary_large_image\" \/>\n<meta name=\"twitter:label1\" content=\"Tahmini okuma s\u00fcresi\" \/>\n\t<meta name=\"twitter:data1\" content=\"1 dakika\" \/>\n<script type=\"application\/ld+json\" class=\"yoast-schema-graph\">{\"@context\":\"https:\/\/schema.org\",\"@graph\":[{\"@type\":\"WebPage\",\"@id\":\"https:\/\/vokasmattress.com\/vokas-mattress\/\",\"url\":\"https:\/\/vokasmattress.com\/vokas-mattress\/\",\"name\":\"Vokas Mattress - Vokas Mattress\",\"isPartOf\":{\"@id\":\"https:\/\/vokasmattress.com\/#website\"},\"datePublished\":\"2023-05-23T07:54:57+00:00\",\"dateModified\":\"2023-05-23T15:06:48+00:00\",\"breadcrumb\":{\"@id\":\"https:\/\/vokasmattress.com\/vokas-mattress\/#breadcrumb\"},\"inLanguage\":\"tr\",\"potentialAction\":[{\"@type\":\"ReadAction\",\"target\":[\"https:\/\/vokasmattress.com\/vokas-mattress\/\"]}]},{\"@type\":\"BreadcrumbList\",\"@id\":\"https:\/\/vokasmattress.com\/vokas-mattress\/#breadcrumb\",\"itemListElement\":[{\"@type\":\"ListItem\",\"position\":1,\"name\":\"Anasayfa\",\"item\":\"https:\/\/vokasmattress.com\/\"},{\"@type\":\"ListItem\",\"position\":2,\"name\":\"Shop\",\"item\":\"https:\/\/vokasmattress.com\/shop\/\"},{\"@type\":\"ListItem\",\"position\":3,\"name\":\"Vokas Mattress\"}]},{\"@type\":\"WebSite\",\"@id\":\"https:\/\/vokasmattress.com\/#website\",\"url\":\"https:\/\/vokasmattress.com\/\",\"name\":\"Vokas Mattress\",\"description\":\"Vokas Mattress\",\"publisher\":{\"@id\":\"https:\/\/vokasmattress.com\/#organization\"},\"alternateName\":\"Vokas Mattress\",\"potentialAction\":[{\"@type\":\"SearchAction\",\"target\":{\"@type\":\"EntryPoint\",\"urlTemplate\":\"https:\/\/vokasmattress.com\/?s={search_term_string}\"},\"query-input\":\"required name=search_term_string\"}],\"inLanguage\":\"tr\"},{\"@type\":\"Organization\",\"@id\":\"https:\/\/vokasmattress.com\/#organization\",\"name\":\"Vokas Mattress\",\"alternateName\":\"Vokas Mattress\",\"url\":\"https:\/\/vokasmattress.com\/\",\"logo\":{\"@type\":\"ImageObject\",\"inLanguage\":\"tr\",\"@id\":\"https:\/\/vokasmattress.com\/#\/schema\/logo\/image\/\",\"url\":\"https:\/\/vokasmattress.com\/wp-content\/uploads\/2023\/04\/vokas-mattress-logo.jpg\",\"contentUrl\":\"https:\/\/vokasmattress.com\/wp-content\/uploads\/2023\/04\/vokas-mattress-logo.jpg\",\"width\":1563,\"height\":1563,\"caption\":\"Vokas Mattress\"},\"image\":{\"@id\":\"https:\/\/vokasmattress.com\/#\/schema\/logo\/image\/\"}}]}<\/script>\n<!-- \/ Yoast SEO plugin. -->","yoast_head_json":{"title":"Vokas Mattress - Vokas Mattress","robots":{"index":"index","follow":"follow","max-snippet":"max-snippet:-1","max-image-preview":"max-image-preview:large","max-video-preview":"max-video-preview:-1"},"canonical":"https:\/\/vokasmattress.com\/tr\/vokas-mattress\/","og_locale":"tr_TR","og_type":"article","og_title":"Vokas Mattress - Vokas Mattress","og_description":"In order to create a new temple of modern life in life; We reflect the perfect line in our designs to our lines in our designs, referring to the balance and rhythm of nature. Vokas carries this line in all its collections like an engagement while reconstructing itself every day in every part of the visual integrity and aesthetic nature; It authenticates a mastery, dexterity and craft, which is made visible by the harmony of color and pattern in the whole texture, with the art of weaving.","og_url":"https:\/\/vokasmattress.com\/tr\/vokas-mattress\/","og_site_name":"Vokas Mattress","article_modified_time":"2023-05-23T15:06:48+00:00","og_image":[{"width":2000,"height":2000,"url":"https:\/\/vokasmattress.com\/wp-content\/uploads\/2023\/05\/hd-about-banner-image.jpg","type":"image\/jpeg"}],"twitter_card":"summary_large_image","twitter_misc":{"Tahmini okuma s\u00fcresi":"1 dakika"},"schema":{"@context":"https:\/\/schema.org","@graph":[{"@type":"WebPage","@id":"https:\/\/vokasmattress.com\/vokas-mattress\/","url":"https:\/\/vokasmattress.com\/vokas-mattress\/","name":"Vokas Mattress - Vokas Mattress","isPartOf":{"@id":"https:\/\/vokasmattress.com\/#website"},"datePublished":"2023-05-23T07:54:57+00:00","dateModified":"2023-05-23T15:06:48+00:00","breadcrumb":{"@id":"https:\/\/vokasmattress.com\/vokas-mattress\/#breadcrumb"},"inLanguage":"tr","potentialAction":[{"@type":"ReadAction","target":["https:\/\/vokasmattress.com\/vokas-mattress\/"]}]},{"@type":"BreadcrumbList","@id":"https:\/\/vokasmattress.com\/vokas-mattress\/#breadcrumb","itemListElement":[{"@type":"ListItem","position":1,"name":"Anasayfa","item":"https:\/\/vokasmattress.com\/"},{"@type":"ListItem","position":2,"name":"Shop","item":"https:\/\/vokasmattress.com\/shop\/"},{"@type":"ListItem","position":3,"name":"Vokas Mattress"}]},{"@type":"WebSite","@id":"https:\/\/vokasmattress.com\/#website","url":"https:\/\/vokasmattress.com\/","name":"Vokas Mattress","description":"Vokas Mattress","publisher":{"@id":"https:\/\/vokasmattress.com\/#organization"},"alternateName":"Vokas Mattress","potentialAction":[{"@type":"SearchAction","target":{"@type":"EntryPoint","urlTemplate":"https:\/\/vokasmattress.com\/?s={search_term_string}"},"query-input":"required name=search_term_string"}],"inLanguage":"tr"},{"@type":"Organization","@id":"https:\/\/vokasmattress.com\/#organization","name":"Vokas Mattress","alternateName":"Vokas Mattress","url":"https:\/\/vokasmattress.com\/","logo":{"@type":"ImageObject","inLanguage":"tr","@id":"https:\/\/vokasmattress.com\/#\/schema\/logo\/image\/","url":"https:\/\/vokasmattress.com\/wp-content\/uploads\/2023\/04\/vokas-mattress-logo.jpg","contentUrl":"https:\/\/vokasmattress.com\/wp-content\/uploads\/2023\/04\/vokas-mattress-logo.jpg","width":1563,"height":1563,"caption":"Vokas Mattress"},"image":{"@id":"https:\/\/vokasmattress.com\/#\/schema\/logo\/image\/"}}]}},"_links":{"self":[{"href":"https:\/\/vokasmattress.com\/tr\/wp-json\/wp\/v2\/product\/57","targetHints":{"allow":["GET"]}}],"collection":[{"href":"https:\/\/vokasmattress.com\/tr\/wp-json\/wp\/v2\/product"}],"about":[{"href":"https:\/\/vokasmattress.com\/tr\/wp-json\/wp\/v2\/types\/product"}],"replies":[{"embeddable":true,"href":"https:\/\/vokasmattress.com\/tr\/wp-json\/wp\/v2\/comments?post=57"}],"wp:featuredmedia":[{"embeddable":true,"href":"https:\/\/vokasmattress.com\/tr\/wp-json\/wp\/v2\/media\/145"}],"wp:attachment":[{"href":"https:\/\/vokasmattress.com\/tr\/wp-json\/wp\/v2\/media?parent=57"}],"wp:term":[{"taxonomy":"product_cat","embeddable":true,"href":"https:\/\/vokasmattress.com\/tr\/wp-json\/wp\/v2\/product_cat?post=57"},{"taxonomy":"product_tag","embeddable":true,"href":"https:\/\/vokasmattress.com\/tr\/wp-json\/wp\/v2\/product_tag?post=57"}],"curies":[{"name":"wp","href":"https:\/\/api.w.org\/{rel}","templated":true}]}}